{"id":940,"date":"2020-11-04T15:47:36","date_gmt":"2020-11-04T14:47:36","guid":{"rendered":"https:\/\/www.franckdespagne.com\/?page_id=940"},"modified":"2020-11-09T16:11:48","modified_gmt":"2020-11-09T15:11:48","slug":"hote-antique-amphore-montagne-saint-emilion","status":"publish","type":"page","link":"https:\/\/www.franckdespagne.com\/fr\/hote-antique-amphore-montagne-saint-emilion\/","title":{"rendered":"L&rsquo;H\u00f4te Antique"},"content":{"rendered":"<p><span class=\"legend_product\">Montagne Saint Emilion<\/span><\/p>\n<p>Cuv\u00e9e exclusive \u00e9lev\u00e9e en amphore. Riche et ample. Robe noire profonde aux liser\u00e9s violines, nez tr\u00e8s expressif aux notes de fruits noirs, de chocolat \u00e0 la menthe, de santal. Bouche suave, voluptueuse, puissante et charnue aux tanins velout\u00e9s par une finale enrob\u00e9e.<br \/>\nQuantit\u00e9s limit\u00e9es.<\/p>\n<p class=\"text_light\">Terroir : argilo calcaire<br \/>\nTerre forte et profonde r\u00e9sistante \u00e0 la s\u00e9cheresse<br \/>\nC\u00e9pages : merlot 33%, cabernet franc 33%, cabernet sauvignon 33%<\/p>\n","protected":false},"excerpt":{"rendered":"<p>Montagne Saint Emilion Cuv\u00e9e exclusive \u00e9lev\u00e9e en amphore. Riche et ample. Robe noire profonde aux liser\u00e9s violines, nez tr\u00e8s expressif aux notes de fruits noirs, de chocolat \u00e0 la menthe, de santal. Bouche suave, voluptueuse, puissante et charnue aux tanins velout\u00e9s par une finale enrob\u00e9e. Quantit\u00e9s limit\u00e9es. Terroir : argilo calcaire Terre forte et profonde [&hellip;]<\/p>\n","protected":false},"author":1,"featured_media":941,"parent":0,"menu_order":0,"comment_status":"closed","ping_status":"closed","template":"page-templates\/full-width.php","meta":{"footnotes":""},"yoast_head":"<!-- This site is optimized with the Yoast SEO plugin v24.4 - https:\/\/yoast.com\/wordpress\/plugins\/seo\/ -->\n<title>L&#039;H\u00f4te Antique - Franck Despagne - Montagne Saint-Emilion<\/title>\n<meta name=\"description\" content=\"Cuv\u00e9e originale, \u00e9lev\u00e9e en amphore et en quantit\u00e9 tr\u00e8s limit\u00e9e. Riche, suave et ample dot\u00e9 d&#039;une robe noire profonde, un vin voluptueux, puissant et charnue aux tanins velout\u00e9s.\" \/>\n<meta name=\"robots\" content=\"index, follow, max-snippet:-1, max-image-preview:large, max-video-preview:-1\" \/>\n<link rel=\"canonical\" href=\"https:\/\/www.franckdespagne.com\/fr\/hote-antique-amphore-montagne-saint-emilion\/\" \/>\n<meta property=\"og:locale\" content=\"fr_FR\" \/>\n<meta property=\"og:type\" content=\"article\" \/>\n<meta property=\"og:title\" content=\"L&#039;H\u00f4te Antique - Franck Despagne - Montagne Saint-Emilion\" \/>\n<meta property=\"og:description\" content=\"Cuv\u00e9e originale, \u00e9lev\u00e9e en amphore et en quantit\u00e9 tr\u00e8s limit\u00e9e. Riche, suave et ample dot\u00e9 d&#039;une robe noire profonde, un vin voluptueux, puissant et charnue aux tanins velout\u00e9s.\" \/>\n<meta property=\"og:url\" content=\"https:\/\/www.franckdespagne.com\/fr\/hote-antique-amphore-montagne-saint-emilion\/\" \/>\n<meta property=\"og:site_name\" content=\"Franck Despagne - Montagne Saint-Emilion\" \/>\n<meta property=\"article:modified_time\" content=\"2020-11-09T15:11:48+00:00\" \/>\n<meta property=\"og:image\" content=\"https:\/\/www.franckdespagne.com\/wp-content\/uploads\/2020-hote-antique-montagne-saint-emilion-bordeaux-1.png\" \/>\n\t<meta property=\"og:image:width\" content=\"250\" \/>\n\t<meta property=\"og:image:height\" content=\"500\" \/>\n\t<meta property=\"og:image:type\" content=\"image\/png\" \/>\n<script type=\"application\/ld+json\" class=\"yoast-schema-graph\">{\"@context\":\"https:\/\/schema.org\",\"@graph\":[{\"@type\":\"WebPage\",\"@id\":\"https:\/\/www.franckdespagne.com\/fr\/hote-antique-amphore-montagne-saint-emilion\/\",\"url\":\"https:\/\/www.franckdespagne.com\/fr\/hote-antique-amphore-montagne-saint-emilion\/\",\"name\":\"L'H\u00f4te Antique - Franck Despagne - Montagne Saint-Emilion\",\"isPartOf\":{\"@id\":\"https:\/\/www.franckdespagne.com\/fr\/#website\"},\"primaryImageOfPage\":{\"@id\":\"https:\/\/www.franckdespagne.com\/fr\/hote-antique-amphore-montagne-saint-emilion\/#primaryimage\"},\"image\":{\"@id\":\"https:\/\/www.franckdespagne.com\/fr\/hote-antique-amphore-montagne-saint-emilion\/#primaryimage\"},\"thumbnailUrl\":\"https:\/\/www.franckdespagne.com\/wp-content\/uploads\/2020-hote-antique-montagne-saint-emilion-bordeaux-1.png\",\"datePublished\":\"2020-11-04T14:47:36+00:00\",\"dateModified\":\"2020-11-09T15:11:48+00:00\",\"description\":\"Cuv\u00e9e originale, \u00e9lev\u00e9e en amphore et en quantit\u00e9 tr\u00e8s limit\u00e9e. Riche, suave et ample dot\u00e9 d'une robe noire profonde, un vin voluptueux, puissant et charnue aux tanins velout\u00e9s.\",\"breadcrumb\":{\"@id\":\"https:\/\/www.franckdespagne.com\/fr\/hote-antique-amphore-montagne-saint-emilion\/#breadcrumb\"},\"inLanguage\":\"fr-FR\",\"potentialAction\":[{\"@type\":\"ReadAction\",\"target\":[\"https:\/\/www.franckdespagne.com\/fr\/hote-antique-amphore-montagne-saint-emilion\/\"]}]},{\"@type\":\"ImageObject\",\"inLanguage\":\"fr-FR\",\"@id\":\"https:\/\/www.franckdespagne.com\/fr\/hote-antique-amphore-montagne-saint-emilion\/#primaryimage\",\"url\":\"https:\/\/www.franckdespagne.com\/wp-content\/uploads\/2020-hote-antique-montagne-saint-emilion-bordeaux-1.png\",\"contentUrl\":\"https:\/\/www.franckdespagne.com\/wp-content\/uploads\/2020-hote-antique-montagne-saint-emilion-bordeaux-1.png\",\"width\":250,\"height\":500},{\"@type\":\"BreadcrumbList\",\"@id\":\"https:\/\/www.franckdespagne.com\/fr\/hote-antique-amphore-montagne-saint-emilion\/#breadcrumb\",\"itemListElement\":[{\"@type\":\"ListItem\",\"position\":1,\"name\":\"Accueil\",\"item\":\"https:\/\/www.franckdespagne.com\/fr\/\"},{\"@type\":\"ListItem\",\"position\":2,\"name\":\"L&rsquo;H\u00f4te Antique\"}]},{\"@type\":\"WebSite\",\"@id\":\"https:\/\/www.franckdespagne.com\/fr\/#website\",\"url\":\"https:\/\/www.franckdespagne.com\/fr\/\",\"name\":\"Franck Despagne - Montagne Saint-Emilion\",\"description\":\"\",\"potentialAction\":[{\"@type\":\"SearchAction\",\"target\":{\"@type\":\"EntryPoint\",\"urlTemplate\":\"https:\/\/www.franckdespagne.com\/fr\/?s={search_term_string}\"},\"query-input\":{\"@type\":\"PropertyValueSpecification\",\"valueRequired\":true,\"valueName\":\"search_term_string\"}}],\"inLanguage\":\"fr-FR\"}]}<\/script>\n<!-- \/ Yoast SEO plugin. -->","yoast_head_json":{"title":"L'H\u00f4te Antique - Franck Despagne - Montagne Saint-Emilion","description":"Cuv\u00e9e originale, \u00e9lev\u00e9e en amphore et en quantit\u00e9 tr\u00e8s limit\u00e9e. Riche, suave et ample dot\u00e9 d'une robe noire profonde, un vin voluptueux, puissant et charnue aux tanins velout\u00e9s.","robots":{"index":"index","follow":"follow","max-snippet":"max-snippet:-1","max-image-preview":"max-image-preview:large","max-video-preview":"max-video-preview:-1"},"canonical":"https:\/\/www.franckdespagne.com\/fr\/hote-antique-amphore-montagne-saint-emilion\/","og_locale":"fr_FR","og_type":"article","og_title":"L'H\u00f4te Antique - Franck Despagne - Montagne Saint-Emilion","og_description":"Cuv\u00e9e originale, \u00e9lev\u00e9e en amphore et en quantit\u00e9 tr\u00e8s limit\u00e9e. Riche, suave et ample dot\u00e9 d'une robe noire profonde, un vin voluptueux, puissant et charnue aux tanins velout\u00e9s.","og_url":"https:\/\/www.franckdespagne.com\/fr\/hote-antique-amphore-montagne-saint-emilion\/","og_site_name":"Franck Despagne - Montagne Saint-Emilion","article_modified_time":"2020-11-09T15:11:48+00:00","og_image":[{"width":250,"height":500,"url":"https:\/\/www.franckdespagne.com\/wp-content\/uploads\/2020-hote-antique-montagne-saint-emilion-bordeaux-1.png","type":"image\/png"}],"schema":{"@context":"https:\/\/schema.org","@graph":[{"@type":"WebPage","@id":"https:\/\/www.franckdespagne.com\/fr\/hote-antique-amphore-montagne-saint-emilion\/","url":"https:\/\/www.franckdespagne.com\/fr\/hote-antique-amphore-montagne-saint-emilion\/","name":"L'H\u00f4te Antique - Franck Despagne - Montagne Saint-Emilion","isPartOf":{"@id":"https:\/\/www.franckdespagne.com\/fr\/#website"},"primaryImageOfPage":{"@id":"https:\/\/www.franckdespagne.com\/fr\/hote-antique-amphore-montagne-saint-emilion\/#primaryimage"},"image":{"@id":"https:\/\/www.franckdespagne.com\/fr\/hote-antique-amphore-montagne-saint-emilion\/#primaryimage"},"thumbnailUrl":"https:\/\/www.franckdespagne.com\/wp-content\/uploads\/2020-hote-antique-montagne-saint-emilion-bordeaux-1.png","datePublished":"2020-11-04T14:47:36+00:00","dateModified":"2020-11-09T15:11:48+00:00","description":"Cuv\u00e9e originale, \u00e9lev\u00e9e en amphore et en quantit\u00e9 tr\u00e8s limit\u00e9e. Riche, suave et ample dot\u00e9 d'une robe noire profonde, un vin voluptueux, puissant et charnue aux tanins velout\u00e9s.","breadcrumb":{"@id":"https:\/\/www.franckdespagne.com\/fr\/hote-antique-amphore-montagne-saint-emilion\/#breadcrumb"},"inLanguage":"fr-FR","potentialAction":[{"@type":"ReadAction","target":["https:\/\/www.franckdespagne.com\/fr\/hote-antique-amphore-montagne-saint-emilion\/"]}]},{"@type":"ImageObject","inLanguage":"fr-FR","@id":"https:\/\/www.franckdespagne.com\/fr\/hote-antique-amphore-montagne-saint-emilion\/#primaryimage","url":"https:\/\/www.franckdespagne.com\/wp-content\/uploads\/2020-hote-antique-montagne-saint-emilion-bordeaux-1.png","contentUrl":"https:\/\/www.franckdespagne.com\/wp-content\/uploads\/2020-hote-antique-montagne-saint-emilion-bordeaux-1.png","width":250,"height":500},{"@type":"BreadcrumbList","@id":"https:\/\/www.franckdespagne.com\/fr\/hote-antique-amphore-montagne-saint-emilion\/#breadcrumb","itemListElement":[{"@type":"ListItem","position":1,"name":"Accueil","item":"https:\/\/www.franckdespagne.com\/fr\/"},{"@type":"ListItem","position":2,"name":"L&rsquo;H\u00f4te Antique"}]},{"@type":"WebSite","@id":"https:\/\/www.franckdespagne.com\/fr\/#website","url":"https:\/\/www.franckdespagne.com\/fr\/","name":"Franck Despagne - Montagne Saint-Emilion","description":"","potentialAction":[{"@type":"SearchAction","target":{"@type":"EntryPoint","urlTemplate":"https:\/\/www.franckdespagne.com\/fr\/?s={search_term_string}"},"query-input":{"@type":"PropertyValueSpecification","valueRequired":true,"valueName":"search_term_string"}}],"inLanguage":"fr-FR"}]}},"_links":{"self":[{"href":"https:\/\/www.franckdespagne.com\/fr\/wp-json\/wp\/v2\/pages\/940"}],"collection":[{"href":"https:\/\/www.franckdespagne.com\/fr\/wp-json\/wp\/v2\/pages"}],"about":[{"href":"https:\/\/www.franckdespagne.com\/fr\/wp-json\/wp\/v2\/types\/page"}],"author":[{"embeddable":true,"href":"https:\/\/www.franckdespagne.com\/fr\/wp-json\/wp\/v2\/users\/1"}],"replies":[{"embeddable":true,"href":"https:\/\/www.franckdespagne.com\/fr\/wp-json\/wp\/v2\/comments?post=940"}],"version-history":[{"count":7,"href":"https:\/\/www.franckdespagne.com\/fr\/wp-json\/wp\/v2\/pages\/940\/revisions"}],"predecessor-version":[{"id":1006,"href":"https:\/\/www.franckdespagne.com\/fr\/wp-json\/wp\/v2\/pages\/940\/revisions\/1006"}],"wp:featuredmedia":[{"embeddable":true,"href":"https:\/\/www.franckdespagne.com\/fr\/wp-json\/wp\/v2\/media\/941"}],"wp:attachment":[{"href":"https:\/\/www.franckdespagne.com\/fr\/wp-json\/wp\/v2\/media?parent=940"}],"curies":[{"name":"wp","href":"https:\/\/api.w.org\/{rel}","templated":true}]}}