{"id":52,"date":"2014-09-25T09:27:30","date_gmt":"2014-09-25T08:27:30","guid":{"rendered":"https:\/\/franckdespagne.com\/?page_id=52"},"modified":"2025-10-24T16:24:00","modified_gmt":"2025-10-24T15:24:00","slug":"contacter-le-domaine","status":"publish","type":"page","link":"https:\/\/www.franckdespagne.com\/fr\/contacter-le-domaine\/","title":{"rendered":"Contact"},"content":{"rendered":"<p>Vignobles Franck Despagne<br \/>\n15 route des Vallons<br \/>\n33570 Montagne<br \/>\nTel. : 05 57 74 60 72<br \/>\nNous \u00e9crire : <a href=\"mailto:contact@franckdespagne.com\" target=\"_blank\" rel=\"noopener noreferrer\">contact@franckdespagne.com<\/a><\/p>\n<p>Afin de pouvoir vous recevoir dans les meilleures conditions, nous vous invitons \u00e0 nous pr\u00e9venir de votre venue. Nous serons alors enchant\u00e9s de vous faire visiter notre domaine et d\u00e9guster nos vins, dans le plus strict respect des consignes sanitaires en vigueur.<\/p>\n<p>Vous pouvez \u00e9galement <strong>r\u00e9server votre visite directement en ligne sur le site de notre partenaire <a href=\"https:\/\/www.ruedesvignerons.com\/fr\/domaine\/134\/vignobles-franck-despagne\" target=\"_blank\" rel=\"noopener noreferrer\">www.ruedesvignerons.com<\/a><\/strong>.<\/p>\n<p><strong>Retrouvez nous \u00e9galement sur les salons :<\/strong><br \/>\nSalon des Vignerons Ind\u00e9pendants de Lille \u2013 21-24 nov 2025 \u2013 Stand G4<br \/>\nSalon de Paris \u2013 Porte de Versailles \u2013 3-7 dec 2025 \u2013 Stand E32<\/p>\n","protected":false},"excerpt":{"rendered":"<p>Vignobles Franck Despagne 15 route des Vallons 33570 Montagne Tel. : 05 57 74 60 72 Nous \u00e9crire : contact@franckdespagne.com Afin de pouvoir vous recevoir dans les meilleures conditions, nous vous invitons \u00e0 nous pr\u00e9venir de votre venue. Nous serons alors enchant\u00e9s de vous faire visiter notre domaine et d\u00e9guster nos vins, dans le plus [&hellip;]<\/p>\n","protected":false},"author":1,"featured_media":342,"parent":0,"menu_order":0,"comment_status":"open","ping_status":"open","template":"","meta":{"footnotes":""},"yoast_head":"<!-- This site is optimized with the Yoast SEO plugin v24.4 - https:\/\/yoast.com\/wordpress\/plugins\/seo\/ -->\n<title>Contact - Franck Despagne - Montagne Saint-Emilion<\/title>\n<meta name=\"robots\" content=\"index, follow, max-snippet:-1, max-image-preview:large, max-video-preview:-1\" \/>\n<link rel=\"canonical\" href=\"https:\/\/www.franckdespagne.com\/fr\/contacter-le-domaine\/\" \/>\n<meta property=\"og:locale\" content=\"fr_FR\" \/>\n<meta property=\"og:type\" content=\"article\" \/>\n<meta property=\"og:title\" content=\"Contact - Franck Despagne - Montagne Saint-Emilion\" \/>\n<meta property=\"og:description\" content=\"Vignobles Franck Despagne 15 route des Vallons 33570 Montagne Tel. : 05 57 74 60 72 Nous \u00e9crire : contact@franckdespagne.com Afin de pouvoir vous recevoir dans les meilleures conditions, nous vous invitons \u00e0 nous pr\u00e9venir de votre venue. Nous serons alors enchant\u00e9s de vous faire visiter notre domaine et d\u00e9guster nos vins, dans le plus [&hellip;]\" \/>\n<meta property=\"og:url\" content=\"https:\/\/www.franckdespagne.com\/fr\/contacter-le-domaine\/\" \/>\n<meta property=\"og:site_name\" content=\"Franck Despagne - Montagne Saint-Emilion\" \/>\n<meta property=\"article:modified_time\" content=\"2025-10-24T15:24:00+00:00\" \/>\n<meta property=\"og:image\" content=\"https:\/\/www.franckdespagne.com\/wp-content\/uploads\/bkg_tonneaux_3.jpg\" \/>\n\t<meta property=\"og:image:width\" content=\"1000\" \/>\n\t<meta property=\"og:image:height\" content=\"500\" \/>\n\t<meta property=\"og:image:type\" content=\"image\/jpeg\" \/>\n<meta name=\"twitter:label1\" content=\"Dur\u00e9e de lecture estim\u00e9e\" \/>\n\t<meta name=\"twitter:data1\" content=\"1 minute\" \/>\n<script type=\"application\/ld+json\" class=\"yoast-schema-graph\">{\"@context\":\"https:\/\/schema.org\",\"@graph\":[{\"@type\":\"WebPage\",\"@id\":\"https:\/\/www.franckdespagne.com\/fr\/contacter-le-domaine\/\",\"url\":\"https:\/\/www.franckdespagne.com\/fr\/contacter-le-domaine\/\",\"name\":\"Contact - Franck Despagne - Montagne Saint-Emilion\",\"isPartOf\":{\"@id\":\"https:\/\/www.franckdespagne.com\/fr\/#website\"},\"primaryImageOfPage\":{\"@id\":\"https:\/\/www.franckdespagne.com\/fr\/contacter-le-domaine\/#primaryimage\"},\"image\":{\"@id\":\"https:\/\/www.franckdespagne.com\/fr\/contacter-le-domaine\/#primaryimage\"},\"thumbnailUrl\":\"https:\/\/www.franckdespagne.com\/wp-content\/uploads\/bkg_tonneaux_3.jpg\",\"datePublished\":\"2014-09-25T08:27:30+00:00\",\"dateModified\":\"2025-10-24T15:24:00+00:00\",\"breadcrumb\":{\"@id\":\"https:\/\/www.franckdespagne.com\/fr\/contacter-le-domaine\/#breadcrumb\"},\"inLanguage\":\"fr-FR\",\"potentialAction\":[{\"@type\":\"ReadAction\",\"target\":[\"https:\/\/www.franckdespagne.com\/fr\/contacter-le-domaine\/\"]}]},{\"@type\":\"ImageObject\",\"inLanguage\":\"fr-FR\",\"@id\":\"https:\/\/www.franckdespagne.com\/fr\/contacter-le-domaine\/#primaryimage\",\"url\":\"https:\/\/www.franckdespagne.com\/wp-content\/uploads\/bkg_tonneaux_3.jpg\",\"contentUrl\":\"https:\/\/www.franckdespagne.com\/wp-content\/uploads\/bkg_tonneaux_3.jpg\",\"width\":1000,\"height\":500},{\"@type\":\"BreadcrumbList\",\"@id\":\"https:\/\/www.franckdespagne.com\/fr\/contacter-le-domaine\/#breadcrumb\",\"itemListElement\":[{\"@type\":\"ListItem\",\"position\":1,\"name\":\"Accueil\",\"item\":\"https:\/\/www.franckdespagne.com\/fr\/\"},{\"@type\":\"ListItem\",\"position\":2,\"name\":\"Contact\"}]},{\"@type\":\"WebSite\",\"@id\":\"https:\/\/www.franckdespagne.com\/fr\/#website\",\"url\":\"https:\/\/www.franckdespagne.com\/fr\/\",\"name\":\"Franck Despagne - Montagne Saint-Emilion\",\"description\":\"\",\"potentialAction\":[{\"@type\":\"SearchAction\",\"target\":{\"@type\":\"EntryPoint\",\"urlTemplate\":\"https:\/\/www.franckdespagne.com\/fr\/?s={search_term_string}\"},\"query-input\":{\"@type\":\"PropertyValueSpecification\",\"valueRequired\":true,\"valueName\":\"search_term_string\"}}],\"inLanguage\":\"fr-FR\"}]}<\/script>\n<!-- \/ Yoast SEO plugin. -->","yoast_head_json":{"title":"Contact - Franck Despagne - Montagne Saint-Emilion","robots":{"index":"index","follow":"follow","max-snippet":"max-snippet:-1","max-image-preview":"max-image-preview:large","max-video-preview":"max-video-preview:-1"},"canonical":"https:\/\/www.franckdespagne.com\/fr\/contacter-le-domaine\/","og_locale":"fr_FR","og_type":"article","og_title":"Contact - Franck Despagne - Montagne Saint-Emilion","og_description":"Vignobles Franck Despagne 15 route des Vallons 33570 Montagne Tel. : 05 57 74 60 72 Nous \u00e9crire : contact@franckdespagne.com Afin de pouvoir vous recevoir dans les meilleures conditions, nous vous invitons \u00e0 nous pr\u00e9venir de votre venue. Nous serons alors enchant\u00e9s de vous faire visiter notre domaine et d\u00e9guster nos vins, dans le plus [&hellip;]","og_url":"https:\/\/www.franckdespagne.com\/fr\/contacter-le-domaine\/","og_site_name":"Franck Despagne - Montagne Saint-Emilion","article_modified_time":"2025-10-24T15:24:00+00:00","og_image":[{"width":1000,"height":500,"url":"https:\/\/www.franckdespagne.com\/wp-content\/uploads\/bkg_tonneaux_3.jpg","type":"image\/jpeg"}],"twitter_misc":{"Dur\u00e9e de lecture estim\u00e9e":"1 minute"},"schema":{"@context":"https:\/\/schema.org","@graph":[{"@type":"WebPage","@id":"https:\/\/www.franckdespagne.com\/fr\/contacter-le-domaine\/","url":"https:\/\/www.franckdespagne.com\/fr\/contacter-le-domaine\/","name":"Contact - Franck Despagne - Montagne Saint-Emilion","isPartOf":{"@id":"https:\/\/www.franckdespagne.com\/fr\/#website"},"primaryImageOfPage":{"@id":"https:\/\/www.franckdespagne.com\/fr\/contacter-le-domaine\/#primaryimage"},"image":{"@id":"https:\/\/www.franckdespagne.com\/fr\/contacter-le-domaine\/#primaryimage"},"thumbnailUrl":"https:\/\/www.franckdespagne.com\/wp-content\/uploads\/bkg_tonneaux_3.jpg","datePublished":"2014-09-25T08:27:30+00:00","dateModified":"2025-10-24T15:24:00+00:00","breadcrumb":{"@id":"https:\/\/www.franckdespagne.com\/fr\/contacter-le-domaine\/#breadcrumb"},"inLanguage":"fr-FR","potentialAction":[{"@type":"ReadAction","target":["https:\/\/www.franckdespagne.com\/fr\/contacter-le-domaine\/"]}]},{"@type":"ImageObject","inLanguage":"fr-FR","@id":"https:\/\/www.franckdespagne.com\/fr\/contacter-le-domaine\/#primaryimage","url":"https:\/\/www.franckdespagne.com\/wp-content\/uploads\/bkg_tonneaux_3.jpg","contentUrl":"https:\/\/www.franckdespagne.com\/wp-content\/uploads\/bkg_tonneaux_3.jpg","width":1000,"height":500},{"@type":"BreadcrumbList","@id":"https:\/\/www.franckdespagne.com\/fr\/contacter-le-domaine\/#breadcrumb","itemListElement":[{"@type":"ListItem","position":1,"name":"Accueil","item":"https:\/\/www.franckdespagne.com\/fr\/"},{"@type":"ListItem","position":2,"name":"Contact"}]},{"@type":"WebSite","@id":"https:\/\/www.franckdespagne.com\/fr\/#website","url":"https:\/\/www.franckdespagne.com\/fr\/","name":"Franck Despagne - Montagne Saint-Emilion","description":"","potentialAction":[{"@type":"SearchAction","target":{"@type":"EntryPoint","urlTemplate":"https:\/\/www.franckdespagne.com\/fr\/?s={search_term_string}"},"query-input":{"@type":"PropertyValueSpecification","valueRequired":true,"valueName":"search_term_string"}}],"inLanguage":"fr-FR"}]}},"_links":{"self":[{"href":"https:\/\/www.franckdespagne.com\/fr\/wp-json\/wp\/v2\/pages\/52"}],"collection":[{"href":"https:\/\/www.franckdespagne.com\/fr\/wp-json\/wp\/v2\/pages"}],"about":[{"href":"https:\/\/www.franckdespagne.com\/fr\/wp-json\/wp\/v2\/types\/page"}],"author":[{"embeddable":true,"href":"https:\/\/www.franckdespagne.com\/fr\/wp-json\/wp\/v2\/users\/1"}],"replies":[{"embeddable":true,"href":"https:\/\/www.franckdespagne.com\/fr\/wp-json\/wp\/v2\/comments?post=52"}],"version-history":[{"count":21,"href":"https:\/\/www.franckdespagne.com\/fr\/wp-json\/wp\/v2\/pages\/52\/revisions"}],"predecessor-version":[{"id":1212,"href":"https:\/\/www.franckdespagne.com\/fr\/wp-json\/wp\/v2\/pages\/52\/revisions\/1212"}],"wp:featuredmedia":[{"embeddable":true,"href":"https:\/\/www.franckdespagne.com\/fr\/wp-json\/wp\/v2\/media\/342"}],"wp:attachment":[{"href":"https:\/\/www.franckdespagne.com\/fr\/wp-json\/wp\/v2\/media?parent=52"}],"curies":[{"name":"wp","href":"https:\/\/api.w.org\/{rel}","templated":true}]}}