{"id":498,"date":"2014-11-05T16:59:30","date_gmt":"2014-11-05T15:59:30","guid":{"rendered":"https:\/\/www.franckdespagne.com\/?page_id=498"},"modified":"2020-11-04T18:35:56","modified_gmt":"2020-11-04T17:35:56","slug":"despagne-montagne-saint-emilion","status":"publish","type":"page","link":"https:\/\/www.franckdespagne.com\/fr\/despagne-montagne-saint-emilion\/","title":{"rendered":"Royal Slider FR"},"content":{"rendered":"<div id=\"new-royalslider-3\" class=\"royalSlider new-royalslider-3 rsDefaultInv rs-default-template\" style=\"width:100%;height:500px;;\">\n<div class=\"rsContent\">\n  \n  \n  <div class=\"slideHome_Size slideHome_antique\">\r\n<\/div>\n  <div data-fade-effect=\"true\" data-easing=\"easeOutSine\" data-move-offset=\"60\" data-move-effect=\"left\" data-speed=\"1000\" class=\"rsABlock\" style=\"width: auto; height: auto; left: 8%; top: auto; bottom: 10%;\"><h1 class=\"slideHome_Titre\">L'H\u00f4te Antique<\/h1><\/div><div data-fade-effect=\"true\" data-easing=\"easeOutSine\" data-delay=\"300\" data-move-offset=\"15\" data-speed=\"1000\" data-move-effect=\"bottom\" class=\"ui-draggable-handle rsABlock\" style=\"width: auto; height: auto; left: 8%; top: auto; bottom: 7%;\"><h3 class=\"slideHome_Legende\">Montagne Saint-Emilion - Vin d'amphore<\/h3><\/div>\n  <a class=\"rsLink\" href=\"https:\/\/www.franckdespagne.com\/fr\/hote-antique-amphore-montagne-saint-emilion\/\"><\/a>\n<\/div>\n<div class=\"rsContent\">\n  \n  \n  <div class=\"slideHome_Size slideHome_envie\">\r\n<\/div>\n  <div data-fade-effect=\"true\" data-easing=\"easeOutSine\" data-move-offset=\"60\" data-move-effect=\"left\" data-speed=\"1000\" class=\"rsABlock\" style=\"width: auto; height: auto; left: 8%; top: auto; bottom: 10%;\"><h1 class=\"slideHome_Titre\">L'Envie<\/h1><\/div><div data-fade-effect=\"true\" data-easing=\"easeOutSine\" data-delay=\"300\" data-move-offset=\"15\" data-speed=\"1000\" data-move-effect=\"bottom\" class=\"rsABlock\" style=\"width: auto; height: auto; left: 8%; top: auto; bottom: 7%;\"><h3 class=\"slideHome_Legende\">Montagne Saint-\u00c9milion<\/h3><\/div>\n  <a class=\"rsLink\" href=\"https:\/\/www.franckdespagne.com\/fr\/lenvie-montagne-saint-emilion\/\"><\/a>\n<\/div>\n<div class=\"rsContent\">\n  \n  \n  <div class=\"slideHome_Size slideHome_bonneau\">\r\n<\/div>\n  <div data-fade-effect=\"true\" data-easing=\"easeOutSine\" data-move-offset=\"60\" data-move-effect=\"left\" data-speed=\"1000\" class=\"rsABlock\" style=\"width: auto; height: auto; left: 8%; top: auto; bottom: 10%;\"><h1 class=\"slideHome_Titre\">Chateau Vieux Bonneau<\/h1><\/div><div data-fade-effect=\"true\" data-easing=\"easeOutSine\" data-delay=\"300\" data-move-offset=\"15\" data-speed=\"1000\" data-move-effect=\"bottom\" class=\"rsABlock\" style=\"width: auto; height: auto; left: 8%; top: auto; bottom: 7%;\"><h3 class=\"slideHome_Legende\">Montagne Saint-\u00c9milion<\/h3><\/div>\n  <a class=\"rsLink\" href=\"https:\/\/www.franckdespagne.com\/fr\/chateau-vieux-bonneau-montagne-saint-emilion\/\"><\/a>\n<\/div>\n<div class=\"rsContent\">\n  \n  \n  <div class=\"slideHome_Size slideHome_jamard\">\r\n<\/div>\n  <div data-fade-effect=\"true\" data-easing=\"easeOutSine\" data-move-offset=\"60\" data-move-effect=\"left\" data-speed=\"1000\" class=\"rsABlock\" style=\"width: auto; height: auto; left: 8%; top: auto; bottom: 10%;\"><h1 class=\"slideHome_Titre\">Chateau Jamard Belcour<\/h1><\/div><div data-fade-effect=\"true\" data-easing=\"easeOutSine\" data-delay=\"300\" data-move-offset=\"15\" data-speed=\"1000\" data-move-effect=\"bottom\" class=\"rsABlock\" style=\"width: auto; height: auto; left: 8%; top: auto; bottom: 7%;\"><h3 class=\"slideHome_Legende\">Lussac Saint-\u00c9milion<\/h3><\/div>\n  <a class=\"rsLink\" href=\"https:\/\/www.franckdespagne.com\/fr\/chateau-jamard-belcour-lussac-saint-emilion\/\"><\/a>\n<\/div>\n<div class=\"rsContent\">\n  \n  \n  <div class=\"slideHome_Size slideHome_lapourcaud\">\r\n<\/div>\n  <div data-fade-effect=\"true\" data-easing=\"easeOutSine\" data-move-offset=\"60\" data-move-effect=\"left\" data-speed=\"1000\" class=\"ui-draggable-handle rsABlock\" style=\"width: auto; height: auto; left: 8%; top: auto; bottom: 10%;\"><h1 class=\"slideHome_Titre\">Despagne Bellevue<\/h1><\/div><div data-fade-effect=\"true\" data-easing=\"easeOutSine\" data-delay=\"300\" data-move-offset=\"15\" data-speed=\"1000\" data-move-effect=\"bottom\" class=\"rsABlock\" style=\"width: auto; height: auto; left: 8%; top: auto; bottom: 7%;\"><h3 class=\"slideHome_Legende\">Bordeaux<\/h3><\/div>\n  <a class=\"rsLink\" href=\"https:\/\/www.franckdespagne.com\/fr\/chateau-despagne-bellevue-bordeaux\/\"><\/a>\n<\/div>\n<div class=\"rsContent\">\n  \n  \n  <div class=\"slideHome_Size slideHome_anteis\">\r\n<\/div>\n  <div data-fade-effect=\"true\" data-easing=\"easeOutSine\" data-move-offset=\"60\" data-move-effect=\"left\" data-speed=\"1000\" class=\"rsABlock\" style=\"width: auto; height: auto; left: 8%; top: auto; bottom: 10%;\"><h1 class=\"slideHome_Titre\">Ant\u00e9\u00efs<\/h1><\/div><div data-fade-effect=\"true\" data-easing=\"easeOutSine\" data-delay=\"300\" data-move-offset=\"15\" data-speed=\"1000\" data-move-effect=\"bottom\" class=\"rsABlock\" style=\"width: auto; height: auto; left: 8%; top: auto; bottom: 7%;\"><h3 class=\"slideHome_Legende\">Bordeaux ros\u00e9<\/h3><\/div>\n  <a class=\"rsLink\" href=\"https:\/\/www.franckdespagne.com\/fr\/anteis-bordeaux-rose\/\"><\/a>\n<\/div>\n\n<\/div>\n\n","protected":false},"excerpt":{"rendered":"","protected":false},"author":1,"featured_media":0,"parent":0,"menu_order":0,"comment_status":"closed","ping_status":"open","template":"page-templates\/royal-slider-page.php","meta":{"footnotes":""},"yoast_head":"<!-- This site is optimized with the Yoast SEO plugin v24.4 - https:\/\/yoast.com\/wordpress\/plugins\/seo\/ -->\n<title>Six vins au caract\u00e8res affirm\u00e9s - Franck Despagne - Montagne Saint Emilion<\/title>\n<meta name=\"description\" content=\"L&#039;Envie, Chateau Vieux Bonneau, Chateau Jamard Belcour, Chateau Despagne Bellevue, Ant\u00e9is et l&#039;H\u00f4te Antique, \u00e9lev\u00e9 en amphore.\" \/>\n<meta name=\"robots\" content=\"index, follow, max-snippet:-1, max-image-preview:large, max-video-preview:-1\" \/>\n<link rel=\"canonical\" href=\"https:\/\/www.franckdespagne.com\/fr\/despagne-montagne-saint-emilion\/\" \/>\n<meta property=\"og:locale\" content=\"fr_FR\" \/>\n<meta property=\"og:type\" content=\"article\" \/>\n<meta property=\"og:title\" content=\"Six vins au caract\u00e8res affirm\u00e9s - Franck Despagne - Montagne Saint Emilion\" \/>\n<meta property=\"og:description\" content=\"L&#039;Envie, Chateau Vieux Bonneau, Chateau Jamard Belcour, Chateau Despagne Bellevue, Ant\u00e9is et l&#039;H\u00f4te Antique, \u00e9lev\u00e9 en amphore.\" \/>\n<meta property=\"og:url\" content=\"https:\/\/www.franckdespagne.com\/fr\/despagne-montagne-saint-emilion\/\" \/>\n<meta property=\"og:site_name\" content=\"Franck Despagne - Montagne Saint-Emilion\" \/>\n<meta property=\"article:modified_time\" content=\"2020-11-04T17:35:56+00:00\" \/>\n<script type=\"application\/ld+json\" class=\"yoast-schema-graph\">{\"@context\":\"https:\/\/schema.org\",\"@graph\":[{\"@type\":\"WebPage\",\"@id\":\"https:\/\/www.franckdespagne.com\/fr\/despagne-montagne-saint-emilion\/\",\"url\":\"https:\/\/www.franckdespagne.com\/fr\/despagne-montagne-saint-emilion\/\",\"name\":\"Six vins au caract\u00e8res affirm\u00e9s - Franck Despagne - Montagne Saint Emilion\",\"isPartOf\":{\"@id\":\"https:\/\/www.franckdespagne.com\/fr\/#website\"},\"datePublished\":\"2014-11-05T15:59:30+00:00\",\"dateModified\":\"2020-11-04T17:35:56+00:00\",\"description\":\"L'Envie, Chateau Vieux Bonneau, Chateau Jamard Belcour, Chateau Despagne Bellevue, Ant\u00e9is et l'H\u00f4te Antique, \u00e9lev\u00e9 en amphore.\",\"breadcrumb\":{\"@id\":\"https:\/\/www.franckdespagne.com\/fr\/despagne-montagne-saint-emilion\/#breadcrumb\"},\"inLanguage\":\"fr-FR\",\"potentialAction\":[{\"@type\":\"ReadAction\",\"target\":[\"https:\/\/www.franckdespagne.com\/fr\/despagne-montagne-saint-emilion\/\"]}]},{\"@type\":\"BreadcrumbList\",\"@id\":\"https:\/\/www.franckdespagne.com\/fr\/despagne-montagne-saint-emilion\/#breadcrumb\",\"itemListElement\":[{\"@type\":\"ListItem\",\"position\":1,\"name\":\"Accueil\",\"item\":\"https:\/\/www.franckdespagne.com\/fr\/\"},{\"@type\":\"ListItem\",\"position\":2,\"name\":\"Royal Slider FR\"}]},{\"@type\":\"WebSite\",\"@id\":\"https:\/\/www.franckdespagne.com\/fr\/#website\",\"url\":\"https:\/\/www.franckdespagne.com\/fr\/\",\"name\":\"Franck Despagne - Montagne Saint-Emilion\",\"description\":\"\",\"potentialAction\":[{\"@type\":\"SearchAction\",\"target\":{\"@type\":\"EntryPoint\",\"urlTemplate\":\"https:\/\/www.franckdespagne.com\/fr\/?s={search_term_string}\"},\"query-input\":{\"@type\":\"PropertyValueSpecification\",\"valueRequired\":true,\"valueName\":\"search_term_string\"}}],\"inLanguage\":\"fr-FR\"}]}<\/script>\n<!-- \/ Yoast SEO plugin. -->","yoast_head_json":{"title":"Six vins au caract\u00e8res affirm\u00e9s - Franck Despagne - Montagne Saint Emilion","description":"L'Envie, Chateau Vieux Bonneau, Chateau Jamard Belcour, Chateau Despagne Bellevue, Ant\u00e9is et l'H\u00f4te Antique, \u00e9lev\u00e9 en amphore.","robots":{"index":"index","follow":"follow","max-snippet":"max-snippet:-1","max-image-preview":"max-image-preview:large","max-video-preview":"max-video-preview:-1"},"canonical":"https:\/\/www.franckdespagne.com\/fr\/despagne-montagne-saint-emilion\/","og_locale":"fr_FR","og_type":"article","og_title":"Six vins au caract\u00e8res affirm\u00e9s - Franck Despagne - Montagne Saint Emilion","og_description":"L'Envie, Chateau Vieux Bonneau, Chateau Jamard Belcour, Chateau Despagne Bellevue, Ant\u00e9is et l'H\u00f4te Antique, \u00e9lev\u00e9 en amphore.","og_url":"https:\/\/www.franckdespagne.com\/fr\/despagne-montagne-saint-emilion\/","og_site_name":"Franck Despagne - Montagne Saint-Emilion","article_modified_time":"2020-11-04T17:35:56+00:00","schema":{"@context":"https:\/\/schema.org","@graph":[{"@type":"WebPage","@id":"https:\/\/www.franckdespagne.com\/fr\/despagne-montagne-saint-emilion\/","url":"https:\/\/www.franckdespagne.com\/fr\/despagne-montagne-saint-emilion\/","name":"Six vins au caract\u00e8res affirm\u00e9s - Franck Despagne - Montagne Saint Emilion","isPartOf":{"@id":"https:\/\/www.franckdespagne.com\/fr\/#website"},"datePublished":"2014-11-05T15:59:30+00:00","dateModified":"2020-11-04T17:35:56+00:00","description":"L'Envie, Chateau Vieux Bonneau, Chateau Jamard Belcour, Chateau Despagne Bellevue, Ant\u00e9is et l'H\u00f4te Antique, \u00e9lev\u00e9 en amphore.","breadcrumb":{"@id":"https:\/\/www.franckdespagne.com\/fr\/despagne-montagne-saint-emilion\/#breadcrumb"},"inLanguage":"fr-FR","potentialAction":[{"@type":"ReadAction","target":["https:\/\/www.franckdespagne.com\/fr\/despagne-montagne-saint-emilion\/"]}]},{"@type":"BreadcrumbList","@id":"https:\/\/www.franckdespagne.com\/fr\/despagne-montagne-saint-emilion\/#breadcrumb","itemListElement":[{"@type":"ListItem","position":1,"name":"Accueil","item":"https:\/\/www.franckdespagne.com\/fr\/"},{"@type":"ListItem","position":2,"name":"Royal Slider FR"}]},{"@type":"WebSite","@id":"https:\/\/www.franckdespagne.com\/fr\/#website","url":"https:\/\/www.franckdespagne.com\/fr\/","name":"Franck Despagne - Montagne Saint-Emilion","description":"","potentialAction":[{"@type":"SearchAction","target":{"@type":"EntryPoint","urlTemplate":"https:\/\/www.franckdespagne.com\/fr\/?s={search_term_string}"},"query-input":{"@type":"PropertyValueSpecification","valueRequired":true,"valueName":"search_term_string"}}],"inLanguage":"fr-FR"}]}},"_links":{"self":[{"href":"https:\/\/www.franckdespagne.com\/fr\/wp-json\/wp\/v2\/pages\/498"}],"collection":[{"href":"https:\/\/www.franckdespagne.com\/fr\/wp-json\/wp\/v2\/pages"}],"about":[{"href":"https:\/\/www.franckdespagne.com\/fr\/wp-json\/wp\/v2\/types\/page"}],"author":[{"embeddable":true,"href":"https:\/\/www.franckdespagne.com\/fr\/wp-json\/wp\/v2\/users\/1"}],"replies":[{"embeddable":true,"href":"https:\/\/www.franckdespagne.com\/fr\/wp-json\/wp\/v2\/comments?post=498"}],"version-history":[{"count":22,"href":"https:\/\/www.franckdespagne.com\/fr\/wp-json\/wp\/v2\/pages\/498\/revisions"}],"predecessor-version":[{"id":667,"href":"https:\/\/www.franckdespagne.com\/fr\/wp-json\/wp\/v2\/pages\/498\/revisions\/667"}],"wp:attachment":[{"href":"https:\/\/www.franckdespagne.com\/fr\/wp-json\/wp\/v2\/media?parent=498"}],"curies":[{"name":"wp","href":"https:\/\/api.w.org\/{rel}","templated":true}]}}