{"id":39,"date":"2014-09-25T09:22:34","date_gmt":"2014-09-25T08:22:34","guid":{"rendered":"https:\/\/franckdespagne.com\/?page_id=39"},"modified":"2020-11-09T15:55:21","modified_gmt":"2020-11-09T14:55:21","slug":"anteis-bordeaux-rose","status":"publish","type":"page","link":"https:\/\/www.franckdespagne.com\/fr\/anteis-bordeaux-rose\/","title":{"rendered":"Ante\u00efs"},"content":{"rendered":"<p><span class=\"legend_product\">Bordeaux ros\u00e9<\/span><\/p>\n<p>Ce ros\u00e9 de cabernets francs et de merlots est \u00e0 consommer dans l\u2019ann\u00e9e pour profiter au maximum de ses ar\u00f4mes de fruits. Un joli vin de plaisir pour ce bordeaux ros\u00e9 \u00e0 boire tr\u00e8s frais entre amis.<\/p>\n<p class=\"text_light\">Terroir : argilo limoneux<br \/>\n30% de merlot et 70 % cabernet sauvignon<\/p>\n","protected":false},"excerpt":{"rendered":"<p>Bordeaux ros\u00e9 Ce ros\u00e9 de cabernets francs et de merlots est \u00e0 consommer dans l\u2019ann\u00e9e pour profiter au maximum de ses ar\u00f4mes de fruits. Un joli vin de plaisir pour ce bordeaux ros\u00e9 \u00e0 boire tr\u00e8s frais entre amis. Terroir : argilo limoneux 30% de merlot et 70 % cabernet sauvignon<\/p>\n","protected":false},"author":1,"featured_media":602,"parent":0,"menu_order":0,"comment_status":"open","ping_status":"open","template":"page-templates\/full-width.php","meta":{"footnotes":""},"yoast_head":"<!-- This site is optimized with the Yoast SEO plugin v24.4 - https:\/\/yoast.com\/wordpress\/plugins\/seo\/ -->\n<title>Anteis - Bordeaux ros\u00e9<\/title>\n<meta name=\"description\" content=\"Anteis, un ros\u00e9 de cabernet franc et de merlot \u00e0 consommer jeune pour profiter de ses ar\u00f4mes de fruits. Un vin de plaisir \u00e0 boire entre amis.\" \/>\n<meta name=\"robots\" content=\"index, follow, max-snippet:-1, max-image-preview:large, max-video-preview:-1\" \/>\n<link rel=\"canonical\" href=\"https:\/\/www.franckdespagne.com\/fr\/anteis-bordeaux-rose\/\" \/>\n<meta property=\"og:locale\" content=\"fr_FR\" \/>\n<meta property=\"og:type\" content=\"article\" \/>\n<meta property=\"og:title\" content=\"Anteis - Bordeaux ros\u00e9\" \/>\n<meta property=\"og:description\" content=\"Anteis, un ros\u00e9 de cabernet franc et de merlot \u00e0 consommer jeune pour profiter de ses ar\u00f4mes de fruits. Un vin de plaisir \u00e0 boire entre amis.\" \/>\n<meta property=\"og:url\" content=\"https:\/\/www.franckdespagne.com\/fr\/anteis-bordeaux-rose\/\" \/>\n<meta property=\"og:site_name\" content=\"Franck Despagne - Montagne Saint-Emilion\" \/>\n<meta property=\"article:modified_time\" content=\"2020-11-09T14:55:21+00:00\" \/>\n<meta property=\"og:image\" content=\"https:\/\/www.franckdespagne.com\/wp-content\/uploads\/bouteille_anteis_despagne1.png\" \/>\n\t<meta property=\"og:image:width\" content=\"250\" \/>\n\t<meta property=\"og:image:height\" content=\"500\" \/>\n\t<meta property=\"og:image:type\" content=\"image\/png\" \/>\n<script type=\"application\/ld+json\" class=\"yoast-schema-graph\">{\"@context\":\"https:\/\/schema.org\",\"@graph\":[{\"@type\":\"WebPage\",\"@id\":\"https:\/\/www.franckdespagne.com\/fr\/anteis-bordeaux-rose\/\",\"url\":\"https:\/\/www.franckdespagne.com\/fr\/anteis-bordeaux-rose\/\",\"name\":\"Anteis - Bordeaux ros\u00e9\",\"isPartOf\":{\"@id\":\"https:\/\/www.franckdespagne.com\/fr\/#website\"},\"primaryImageOfPage\":{\"@id\":\"https:\/\/www.franckdespagne.com\/fr\/anteis-bordeaux-rose\/#primaryimage\"},\"image\":{\"@id\":\"https:\/\/www.franckdespagne.com\/fr\/anteis-bordeaux-rose\/#primaryimage\"},\"thumbnailUrl\":\"https:\/\/www.franckdespagne.com\/wp-content\/uploads\/bouteille_anteis_despagne1.png\",\"datePublished\":\"2014-09-25T08:22:34+00:00\",\"dateModified\":\"2020-11-09T14:55:21+00:00\",\"description\":\"Anteis, un ros\u00e9 de cabernet franc et de merlot \u00e0 consommer jeune pour profiter de ses ar\u00f4mes de fruits. Un vin de plaisir \u00e0 boire entre amis.\",\"breadcrumb\":{\"@id\":\"https:\/\/www.franckdespagne.com\/fr\/anteis-bordeaux-rose\/#breadcrumb\"},\"inLanguage\":\"fr-FR\",\"potentialAction\":[{\"@type\":\"ReadAction\",\"target\":[\"https:\/\/www.franckdespagne.com\/fr\/anteis-bordeaux-rose\/\"]}]},{\"@type\":\"ImageObject\",\"inLanguage\":\"fr-FR\",\"@id\":\"https:\/\/www.franckdespagne.com\/fr\/anteis-bordeaux-rose\/#primaryimage\",\"url\":\"https:\/\/www.franckdespagne.com\/wp-content\/uploads\/bouteille_anteis_despagne1.png\",\"contentUrl\":\"https:\/\/www.franckdespagne.com\/wp-content\/uploads\/bouteille_anteis_despagne1.png\",\"width\":250,\"height\":500},{\"@type\":\"BreadcrumbList\",\"@id\":\"https:\/\/www.franckdespagne.com\/fr\/anteis-bordeaux-rose\/#breadcrumb\",\"itemListElement\":[{\"@type\":\"ListItem\",\"position\":1,\"name\":\"Accueil\",\"item\":\"https:\/\/www.franckdespagne.com\/fr\/\"},{\"@type\":\"ListItem\",\"position\":2,\"name\":\"Ante\u00efs\"}]},{\"@type\":\"WebSite\",\"@id\":\"https:\/\/www.franckdespagne.com\/fr\/#website\",\"url\":\"https:\/\/www.franckdespagne.com\/fr\/\",\"name\":\"Franck Despagne - Montagne Saint-Emilion\",\"description\":\"\",\"potentialAction\":[{\"@type\":\"SearchAction\",\"target\":{\"@type\":\"EntryPoint\",\"urlTemplate\":\"https:\/\/www.franckdespagne.com\/fr\/?s={search_term_string}\"},\"query-input\":{\"@type\":\"PropertyValueSpecification\",\"valueRequired\":true,\"valueName\":\"search_term_string\"}}],\"inLanguage\":\"fr-FR\"}]}<\/script>\n<!-- \/ Yoast SEO plugin. -->","yoast_head_json":{"title":"Anteis - Bordeaux ros\u00e9","description":"Anteis, un ros\u00e9 de cabernet franc et de merlot \u00e0 consommer jeune pour profiter de ses ar\u00f4mes de fruits. Un vin de plaisir \u00e0 boire entre amis.","robots":{"index":"index","follow":"follow","max-snippet":"max-snippet:-1","max-image-preview":"max-image-preview:large","max-video-preview":"max-video-preview:-1"},"canonical":"https:\/\/www.franckdespagne.com\/fr\/anteis-bordeaux-rose\/","og_locale":"fr_FR","og_type":"article","og_title":"Anteis - Bordeaux ros\u00e9","og_description":"Anteis, un ros\u00e9 de cabernet franc et de merlot \u00e0 consommer jeune pour profiter de ses ar\u00f4mes de fruits. Un vin de plaisir \u00e0 boire entre amis.","og_url":"https:\/\/www.franckdespagne.com\/fr\/anteis-bordeaux-rose\/","og_site_name":"Franck Despagne - Montagne Saint-Emilion","article_modified_time":"2020-11-09T14:55:21+00:00","og_image":[{"width":250,"height":500,"url":"https:\/\/www.franckdespagne.com\/wp-content\/uploads\/bouteille_anteis_despagne1.png","type":"image\/png"}],"schema":{"@context":"https:\/\/schema.org","@graph":[{"@type":"WebPage","@id":"https:\/\/www.franckdespagne.com\/fr\/anteis-bordeaux-rose\/","url":"https:\/\/www.franckdespagne.com\/fr\/anteis-bordeaux-rose\/","name":"Anteis - Bordeaux ros\u00e9","isPartOf":{"@id":"https:\/\/www.franckdespagne.com\/fr\/#website"},"primaryImageOfPage":{"@id":"https:\/\/www.franckdespagne.com\/fr\/anteis-bordeaux-rose\/#primaryimage"},"image":{"@id":"https:\/\/www.franckdespagne.com\/fr\/anteis-bordeaux-rose\/#primaryimage"},"thumbnailUrl":"https:\/\/www.franckdespagne.com\/wp-content\/uploads\/bouteille_anteis_despagne1.png","datePublished":"2014-09-25T08:22:34+00:00","dateModified":"2020-11-09T14:55:21+00:00","description":"Anteis, un ros\u00e9 de cabernet franc et de merlot \u00e0 consommer jeune pour profiter de ses ar\u00f4mes de fruits. Un vin de plaisir \u00e0 boire entre amis.","breadcrumb":{"@id":"https:\/\/www.franckdespagne.com\/fr\/anteis-bordeaux-rose\/#breadcrumb"},"inLanguage":"fr-FR","potentialAction":[{"@type":"ReadAction","target":["https:\/\/www.franckdespagne.com\/fr\/anteis-bordeaux-rose\/"]}]},{"@type":"ImageObject","inLanguage":"fr-FR","@id":"https:\/\/www.franckdespagne.com\/fr\/anteis-bordeaux-rose\/#primaryimage","url":"https:\/\/www.franckdespagne.com\/wp-content\/uploads\/bouteille_anteis_despagne1.png","contentUrl":"https:\/\/www.franckdespagne.com\/wp-content\/uploads\/bouteille_anteis_despagne1.png","width":250,"height":500},{"@type":"BreadcrumbList","@id":"https:\/\/www.franckdespagne.com\/fr\/anteis-bordeaux-rose\/#breadcrumb","itemListElement":[{"@type":"ListItem","position":1,"name":"Accueil","item":"https:\/\/www.franckdespagne.com\/fr\/"},{"@type":"ListItem","position":2,"name":"Ante\u00efs"}]},{"@type":"WebSite","@id":"https:\/\/www.franckdespagne.com\/fr\/#website","url":"https:\/\/www.franckdespagne.com\/fr\/","name":"Franck Despagne - Montagne Saint-Emilion","description":"","potentialAction":[{"@type":"SearchAction","target":{"@type":"EntryPoint","urlTemplate":"https:\/\/www.franckdespagne.com\/fr\/?s={search_term_string}"},"query-input":{"@type":"PropertyValueSpecification","valueRequired":true,"valueName":"search_term_string"}}],"inLanguage":"fr-FR"}]}},"_links":{"self":[{"href":"https:\/\/www.franckdespagne.com\/fr\/wp-json\/wp\/v2\/pages\/39"}],"collection":[{"href":"https:\/\/www.franckdespagne.com\/fr\/wp-json\/wp\/v2\/pages"}],"about":[{"href":"https:\/\/www.franckdespagne.com\/fr\/wp-json\/wp\/v2\/types\/page"}],"author":[{"embeddable":true,"href":"https:\/\/www.franckdespagne.com\/fr\/wp-json\/wp\/v2\/users\/1"}],"replies":[{"embeddable":true,"href":"https:\/\/www.franckdespagne.com\/fr\/wp-json\/wp\/v2\/comments?post=39"}],"version-history":[{"count":10,"href":"https:\/\/www.franckdespagne.com\/fr\/wp-json\/wp\/v2\/pages\/39\/revisions"}],"predecessor-version":[{"id":997,"href":"https:\/\/www.franckdespagne.com\/fr\/wp-json\/wp\/v2\/pages\/39\/revisions\/997"}],"wp:featuredmedia":[{"embeddable":true,"href":"https:\/\/www.franckdespagne.com\/fr\/wp-json\/wp\/v2\/media\/602"}],"wp:attachment":[{"href":"https:\/\/www.franckdespagne.com\/fr\/wp-json\/wp\/v2\/media?parent=39"}],"curies":[{"name":"wp","href":"https:\/\/api.w.org\/{rel}","templated":true}]}}