{"id":37,"date":"2014-09-25T09:22:08","date_gmt":"2014-09-25T08:22:08","guid":{"rendered":"https:\/\/franckdespagne.com\/?page_id=37"},"modified":"2020-11-09T15:56:08","modified_gmt":"2020-11-09T14:56:08","slug":"chateau-despagne-bellevue-bordeaux","status":"publish","type":"page","link":"https:\/\/www.franckdespagne.com\/fr\/chateau-despagne-bellevue-bordeaux\/","title":{"rendered":"Despagne Bellevue"},"content":{"rendered":"<p><span class=\"legend_product\">Bordeaux<\/span><\/p>\n<p>Vin tr\u00e8s agr\u00e9able. Rondeur et finesse sont ses qualit\u00e9s premi\u00e8res.<br \/>\nA d\u00e9guster sans retenue.<\/p>\n<p class=\"text_light\">Terroir : argilo limoneux<br \/>\n100 % de merlot<\/p>\n<p>Depuis le mill\u00e9sime 2015, Lapourcaud Bellevue est devenu Despagne-Bellevue.<\/p>\n<p><strong>2016 \u2013 M\u00e9daille d\u2019or Concours de Bordeaux<br \/>\n2016 \u2013 M\u00e9daille d\u2019or Vignerons Ind\u00e9pendants<br \/>\n2016 &#8211; M\u00e9daille d&rsquo;argent Concours International de Lyon<br \/>\n<\/strong><\/p>\n","protected":false},"excerpt":{"rendered":"<p>Bordeaux Vin tr\u00e8s agr\u00e9able. Rondeur et finesse sont ses qualit\u00e9s premi\u00e8res. A d\u00e9guster sans retenue. Terroir : argilo limoneux 100 % de merlot Depuis le mill\u00e9sime 2015, Lapourcaud Bellevue est devenu Despagne-Bellevue. 2016 \u2013 M\u00e9daille d\u2019or Concours de Bordeaux 2016 \u2013 M\u00e9daille d\u2019or Vignerons Ind\u00e9pendants 2016 &#8211; M\u00e9daille d&rsquo;argent Concours International de Lyon<\/p>\n","protected":false},"author":1,"featured_media":836,"parent":0,"menu_order":0,"comment_status":"open","ping_status":"open","template":"page-templates\/full-width.php","meta":{"footnotes":""},"yoast_head":"<!-- This site is optimized with the Yoast SEO plugin v24.4 - https:\/\/yoast.com\/wordpress\/plugins\/seo\/ -->\n<title>Despagne Bellevue - Franck Despagne - Bordeaux<\/title>\n<meta name=\"description\" content=\"Bordeaux. Vin tr\u00e8s agr\u00e9able. Rondeur et finesse sont ses qualit\u00e9s premi\u00e8res. A d\u00e9guster sans retenue.\" \/>\n<meta name=\"robots\" content=\"index, follow, max-snippet:-1, max-image-preview:large, max-video-preview:-1\" \/>\n<link rel=\"canonical\" href=\"https:\/\/www.franckdespagne.com\/fr\/chateau-despagne-bellevue-bordeaux\/\" \/>\n<meta property=\"og:locale\" content=\"fr_FR\" \/>\n<meta property=\"og:type\" content=\"article\" \/>\n<meta property=\"og:title\" content=\"Despagne Bellevue - Franck Despagne - Bordeaux\" \/>\n<meta property=\"og:description\" content=\"Bordeaux. Vin tr\u00e8s agr\u00e9able. Rondeur et finesse sont ses qualit\u00e9s premi\u00e8res. A d\u00e9guster sans retenue.\" \/>\n<meta property=\"og:url\" content=\"https:\/\/www.franckdespagne.com\/fr\/chateau-despagne-bellevue-bordeaux\/\" \/>\n<meta property=\"og:site_name\" content=\"Franck Despagne - Montagne Saint-Emilion\" \/>\n<meta property=\"article:modified_time\" content=\"2020-11-09T14:56:08+00:00\" \/>\n<meta property=\"og:image\" content=\"https:\/\/www.franckdespagne.com\/wp-content\/uploads\/bouteille_despagne-bellevue-vin-bordeaux.png\" \/>\n\t<meta property=\"og:image:width\" content=\"250\" \/>\n\t<meta property=\"og:image:height\" content=\"500\" \/>\n\t<meta property=\"og:image:type\" content=\"image\/png\" \/>\n<script type=\"application\/ld+json\" class=\"yoast-schema-graph\">{\"@context\":\"https:\/\/schema.org\",\"@graph\":[{\"@type\":\"WebPage\",\"@id\":\"https:\/\/www.franckdespagne.com\/fr\/chateau-despagne-bellevue-bordeaux\/\",\"url\":\"https:\/\/www.franckdespagne.com\/fr\/chateau-despagne-bellevue-bordeaux\/\",\"name\":\"Despagne Bellevue - Franck Despagne - Bordeaux\",\"isPartOf\":{\"@id\":\"https:\/\/www.franckdespagne.com\/fr\/#website\"},\"primaryImageOfPage\":{\"@id\":\"https:\/\/www.franckdespagne.com\/fr\/chateau-despagne-bellevue-bordeaux\/#primaryimage\"},\"image\":{\"@id\":\"https:\/\/www.franckdespagne.com\/fr\/chateau-despagne-bellevue-bordeaux\/#primaryimage\"},\"thumbnailUrl\":\"https:\/\/www.franckdespagne.com\/wp-content\/uploads\/bouteille_despagne-bellevue-vin-bordeaux.png\",\"datePublished\":\"2014-09-25T08:22:08+00:00\",\"dateModified\":\"2020-11-09T14:56:08+00:00\",\"description\":\"Bordeaux. Vin tr\u00e8s agr\u00e9able. Rondeur et finesse sont ses qualit\u00e9s premi\u00e8res. A d\u00e9guster sans retenue.\",\"breadcrumb\":{\"@id\":\"https:\/\/www.franckdespagne.com\/fr\/chateau-despagne-bellevue-bordeaux\/#breadcrumb\"},\"inLanguage\":\"fr-FR\",\"potentialAction\":[{\"@type\":\"ReadAction\",\"target\":[\"https:\/\/www.franckdespagne.com\/fr\/chateau-despagne-bellevue-bordeaux\/\"]}]},{\"@type\":\"ImageObject\",\"inLanguage\":\"fr-FR\",\"@id\":\"https:\/\/www.franckdespagne.com\/fr\/chateau-despagne-bellevue-bordeaux\/#primaryimage\",\"url\":\"https:\/\/www.franckdespagne.com\/wp-content\/uploads\/bouteille_despagne-bellevue-vin-bordeaux.png\",\"contentUrl\":\"https:\/\/www.franckdespagne.com\/wp-content\/uploads\/bouteille_despagne-bellevue-vin-bordeaux.png\",\"width\":250,\"height\":500,\"caption\":\"Chateau Despagne Bellevue Bordeaux sup\u00e9rieur\"},{\"@type\":\"BreadcrumbList\",\"@id\":\"https:\/\/www.franckdespagne.com\/fr\/chateau-despagne-bellevue-bordeaux\/#breadcrumb\",\"itemListElement\":[{\"@type\":\"ListItem\",\"position\":1,\"name\":\"Accueil\",\"item\":\"https:\/\/www.franckdespagne.com\/fr\/\"},{\"@type\":\"ListItem\",\"position\":2,\"name\":\"Despagne Bellevue\"}]},{\"@type\":\"WebSite\",\"@id\":\"https:\/\/www.franckdespagne.com\/fr\/#website\",\"url\":\"https:\/\/www.franckdespagne.com\/fr\/\",\"name\":\"Franck Despagne - Montagne Saint-Emilion\",\"description\":\"\",\"potentialAction\":[{\"@type\":\"SearchAction\",\"target\":{\"@type\":\"EntryPoint\",\"urlTemplate\":\"https:\/\/www.franckdespagne.com\/fr\/?s={search_term_string}\"},\"query-input\":{\"@type\":\"PropertyValueSpecification\",\"valueRequired\":true,\"valueName\":\"search_term_string\"}}],\"inLanguage\":\"fr-FR\"}]}<\/script>\n<!-- \/ Yoast SEO plugin. -->","yoast_head_json":{"title":"Despagne Bellevue - Franck Despagne - Bordeaux","description":"Bordeaux. Vin tr\u00e8s agr\u00e9able. Rondeur et finesse sont ses qualit\u00e9s premi\u00e8res. A d\u00e9guster sans retenue.","robots":{"index":"index","follow":"follow","max-snippet":"max-snippet:-1","max-image-preview":"max-image-preview:large","max-video-preview":"max-video-preview:-1"},"canonical":"https:\/\/www.franckdespagne.com\/fr\/chateau-despagne-bellevue-bordeaux\/","og_locale":"fr_FR","og_type":"article","og_title":"Despagne Bellevue - Franck Despagne - Bordeaux","og_description":"Bordeaux. Vin tr\u00e8s agr\u00e9able. Rondeur et finesse sont ses qualit\u00e9s premi\u00e8res. A d\u00e9guster sans retenue.","og_url":"https:\/\/www.franckdespagne.com\/fr\/chateau-despagne-bellevue-bordeaux\/","og_site_name":"Franck Despagne - Montagne Saint-Emilion","article_modified_time":"2020-11-09T14:56:08+00:00","og_image":[{"width":250,"height":500,"url":"https:\/\/www.franckdespagne.com\/wp-content\/uploads\/bouteille_despagne-bellevue-vin-bordeaux.png","type":"image\/png"}],"schema":{"@context":"https:\/\/schema.org","@graph":[{"@type":"WebPage","@id":"https:\/\/www.franckdespagne.com\/fr\/chateau-despagne-bellevue-bordeaux\/","url":"https:\/\/www.franckdespagne.com\/fr\/chateau-despagne-bellevue-bordeaux\/","name":"Despagne Bellevue - Franck Despagne - Bordeaux","isPartOf":{"@id":"https:\/\/www.franckdespagne.com\/fr\/#website"},"primaryImageOfPage":{"@id":"https:\/\/www.franckdespagne.com\/fr\/chateau-despagne-bellevue-bordeaux\/#primaryimage"},"image":{"@id":"https:\/\/www.franckdespagne.com\/fr\/chateau-despagne-bellevue-bordeaux\/#primaryimage"},"thumbnailUrl":"https:\/\/www.franckdespagne.com\/wp-content\/uploads\/bouteille_despagne-bellevue-vin-bordeaux.png","datePublished":"2014-09-25T08:22:08+00:00","dateModified":"2020-11-09T14:56:08+00:00","description":"Bordeaux. Vin tr\u00e8s agr\u00e9able. Rondeur et finesse sont ses qualit\u00e9s premi\u00e8res. A d\u00e9guster sans retenue.","breadcrumb":{"@id":"https:\/\/www.franckdespagne.com\/fr\/chateau-despagne-bellevue-bordeaux\/#breadcrumb"},"inLanguage":"fr-FR","potentialAction":[{"@type":"ReadAction","target":["https:\/\/www.franckdespagne.com\/fr\/chateau-despagne-bellevue-bordeaux\/"]}]},{"@type":"ImageObject","inLanguage":"fr-FR","@id":"https:\/\/www.franckdespagne.com\/fr\/chateau-despagne-bellevue-bordeaux\/#primaryimage","url":"https:\/\/www.franckdespagne.com\/wp-content\/uploads\/bouteille_despagne-bellevue-vin-bordeaux.png","contentUrl":"https:\/\/www.franckdespagne.com\/wp-content\/uploads\/bouteille_despagne-bellevue-vin-bordeaux.png","width":250,"height":500,"caption":"Chateau Despagne Bellevue Bordeaux sup\u00e9rieur"},{"@type":"BreadcrumbList","@id":"https:\/\/www.franckdespagne.com\/fr\/chateau-despagne-bellevue-bordeaux\/#breadcrumb","itemListElement":[{"@type":"ListItem","position":1,"name":"Accueil","item":"https:\/\/www.franckdespagne.com\/fr\/"},{"@type":"ListItem","position":2,"name":"Despagne Bellevue"}]},{"@type":"WebSite","@id":"https:\/\/www.franckdespagne.com\/fr\/#website","url":"https:\/\/www.franckdespagne.com\/fr\/","name":"Franck Despagne - Montagne Saint-Emilion","description":"","potentialAction":[{"@type":"SearchAction","target":{"@type":"EntryPoint","urlTemplate":"https:\/\/www.franckdespagne.com\/fr\/?s={search_term_string}"},"query-input":{"@type":"PropertyValueSpecification","valueRequired":true,"valueName":"search_term_string"}}],"inLanguage":"fr-FR"}]}},"_links":{"self":[{"href":"https:\/\/www.franckdespagne.com\/fr\/wp-json\/wp\/v2\/pages\/37"}],"collection":[{"href":"https:\/\/www.franckdespagne.com\/fr\/wp-json\/wp\/v2\/pages"}],"about":[{"href":"https:\/\/www.franckdespagne.com\/fr\/wp-json\/wp\/v2\/types\/page"}],"author":[{"embeddable":true,"href":"https:\/\/www.franckdespagne.com\/fr\/wp-json\/wp\/v2\/users\/1"}],"replies":[{"embeddable":true,"href":"https:\/\/www.franckdespagne.com\/fr\/wp-json\/wp\/v2\/comments?post=37"}],"version-history":[{"count":16,"href":"https:\/\/www.franckdespagne.com\/fr\/wp-json\/wp\/v2\/pages\/37\/revisions"}],"predecessor-version":[{"id":1000,"href":"https:\/\/www.franckdespagne.com\/fr\/wp-json\/wp\/v2\/pages\/37\/revisions\/1000"}],"wp:featuredmedia":[{"embeddable":true,"href":"https:\/\/www.franckdespagne.com\/fr\/wp-json\/wp\/v2\/media\/836"}],"wp:attachment":[{"href":"https:\/\/www.franckdespagne.com\/fr\/wp-json\/wp\/v2\/media?parent=37"}],"curies":[{"name":"wp","href":"https:\/\/api.w.org\/{rel}","templated":true}]}}