{"id":297,"date":"2014-10-15T20:55:14","date_gmt":"2014-10-15T19:55:14","guid":{"rendered":"https:\/\/www.franckdespagne.com\/?page_id=297"},"modified":"2022-10-21T15:04:01","modified_gmt":"2022-10-21T14:04:01","slug":"mentions-legales","status":"publish","type":"page","link":"https:\/\/www.franckdespagne.com\/fr\/mentions-legales\/","title":{"rendered":"Mentions l\u00e9gales"},"content":{"rendered":"<p>Ce site www.franckdespagne.com est la propri\u00e9t\u00e9 de :<\/p>\n<p>SCEV Despagne<br \/>\nLieu-dit Bonneau<br \/>\n33570 Montagne<br \/>\nSIREN : 393 483 888<\/p>\n<p>Administrateur : M Despagne Franck<\/p>\n<p>H\u00e9bergement : OVH<br \/>\n2 rue Kerllermann<br \/>\n59100 Roubaix<\/p>\n","protected":false},"excerpt":{"rendered":"<p>Ce site www.franckdespagne.com est la propri\u00e9t\u00e9 de : SCEV Despagne Lieu-dit Bonneau 33570 Montagne SIREN : 393 483 888 Administrateur : M Despagne Franck H\u00e9bergement : OVH 2 rue Kerllermann 59100 Roubaix<\/p>\n","protected":false},"author":1,"featured_media":342,"parent":0,"menu_order":0,"comment_status":"closed","ping_status":"open","template":"","meta":{"footnotes":""},"yoast_head":"<!-- This site is optimized with the Yoast SEO plugin v24.4 - https:\/\/yoast.com\/wordpress\/plugins\/seo\/ -->\n<title>Mentions l\u00e9gales - Franck Despagne - Montagne Saint-Emilion<\/title>\n<meta name=\"robots\" content=\"index, follow, max-snippet:-1, max-image-preview:large, max-video-preview:-1\" \/>\n<link rel=\"canonical\" href=\"https:\/\/www.franckdespagne.com\/fr\/mentions-legales\/\" \/>\n<meta property=\"og:locale\" content=\"fr_FR\" \/>\n<meta property=\"og:type\" content=\"article\" \/>\n<meta property=\"og:title\" content=\"Mentions l\u00e9gales - Franck Despagne - Montagne Saint-Emilion\" \/>\n<meta property=\"og:description\" content=\"Ce site www.franckdespagne.com est la propri\u00e9t\u00e9 de : SCEV Despagne Lieu-dit Bonneau 33570 Montagne SIREN : 393 483 888 Administrateur : M Despagne Franck H\u00e9bergement : OVH 2 rue Kerllermann 59100 Roubaix\" \/>\n<meta property=\"og:url\" content=\"https:\/\/www.franckdespagne.com\/fr\/mentions-legales\/\" \/>\n<meta property=\"og:site_name\" content=\"Franck Despagne - Montagne Saint-Emilion\" \/>\n<meta property=\"article:modified_time\" content=\"2022-10-21T14:04:01+00:00\" \/>\n<meta property=\"og:image\" content=\"https:\/\/www.franckdespagne.com\/wp-content\/uploads\/bkg_tonneaux_3.jpg\" \/>\n\t<meta property=\"og:image:width\" content=\"1000\" \/>\n\t<meta property=\"og:image:height\" content=\"500\" \/>\n\t<meta property=\"og:image:type\" content=\"image\/jpeg\" \/>\n<meta name=\"twitter:label1\" content=\"Dur\u00e9e de lecture estim\u00e9e\" \/>\n\t<meta name=\"twitter:data1\" content=\"1 minute\" \/>\n<script type=\"application\/ld+json\" class=\"yoast-schema-graph\">{\"@context\":\"https:\/\/schema.org\",\"@graph\":[{\"@type\":\"WebPage\",\"@id\":\"https:\/\/www.franckdespagne.com\/fr\/mentions-legales\/\",\"url\":\"https:\/\/www.franckdespagne.com\/fr\/mentions-legales\/\",\"name\":\"Mentions l\u00e9gales - Franck Despagne - Montagne Saint-Emilion\",\"isPartOf\":{\"@id\":\"https:\/\/www.franckdespagne.com\/fr\/#website\"},\"primaryImageOfPage\":{\"@id\":\"https:\/\/www.franckdespagne.com\/fr\/mentions-legales\/#primaryimage\"},\"image\":{\"@id\":\"https:\/\/www.franckdespagne.com\/fr\/mentions-legales\/#primaryimage\"},\"thumbnailUrl\":\"https:\/\/www.franckdespagne.com\/wp-content\/uploads\/bkg_tonneaux_3.jpg\",\"datePublished\":\"2014-10-15T19:55:14+00:00\",\"dateModified\":\"2022-10-21T14:04:01+00:00\",\"breadcrumb\":{\"@id\":\"https:\/\/www.franckdespagne.com\/fr\/mentions-legales\/#breadcrumb\"},\"inLanguage\":\"fr-FR\",\"potentialAction\":[{\"@type\":\"ReadAction\",\"target\":[\"https:\/\/www.franckdespagne.com\/fr\/mentions-legales\/\"]}]},{\"@type\":\"ImageObject\",\"inLanguage\":\"fr-FR\",\"@id\":\"https:\/\/www.franckdespagne.com\/fr\/mentions-legales\/#primaryimage\",\"url\":\"https:\/\/www.franckdespagne.com\/wp-content\/uploads\/bkg_tonneaux_3.jpg\",\"contentUrl\":\"https:\/\/www.franckdespagne.com\/wp-content\/uploads\/bkg_tonneaux_3.jpg\",\"width\":1000,\"height\":500},{\"@type\":\"BreadcrumbList\",\"@id\":\"https:\/\/www.franckdespagne.com\/fr\/mentions-legales\/#breadcrumb\",\"itemListElement\":[{\"@type\":\"ListItem\",\"position\":1,\"name\":\"Accueil\",\"item\":\"https:\/\/www.franckdespagne.com\/fr\/\"},{\"@type\":\"ListItem\",\"position\":2,\"name\":\"Mentions l\u00e9gales\"}]},{\"@type\":\"WebSite\",\"@id\":\"https:\/\/www.franckdespagne.com\/fr\/#website\",\"url\":\"https:\/\/www.franckdespagne.com\/fr\/\",\"name\":\"Franck Despagne - Montagne Saint-Emilion\",\"description\":\"\",\"potentialAction\":[{\"@type\":\"SearchAction\",\"target\":{\"@type\":\"EntryPoint\",\"urlTemplate\":\"https:\/\/www.franckdespagne.com\/fr\/?s={search_term_string}\"},\"query-input\":{\"@type\":\"PropertyValueSpecification\",\"valueRequired\":true,\"valueName\":\"search_term_string\"}}],\"inLanguage\":\"fr-FR\"}]}<\/script>\n<!-- \/ Yoast SEO plugin. -->","yoast_head_json":{"title":"Mentions l\u00e9gales - Franck Despagne - Montagne Saint-Emilion","robots":{"index":"index","follow":"follow","max-snippet":"max-snippet:-1","max-image-preview":"max-image-preview:large","max-video-preview":"max-video-preview:-1"},"canonical":"https:\/\/www.franckdespagne.com\/fr\/mentions-legales\/","og_locale":"fr_FR","og_type":"article","og_title":"Mentions l\u00e9gales - Franck Despagne - Montagne Saint-Emilion","og_description":"Ce site www.franckdespagne.com est la propri\u00e9t\u00e9 de : SCEV Despagne Lieu-dit Bonneau 33570 Montagne SIREN : 393 483 888 Administrateur : M Despagne Franck H\u00e9bergement : OVH 2 rue Kerllermann 59100 Roubaix","og_url":"https:\/\/www.franckdespagne.com\/fr\/mentions-legales\/","og_site_name":"Franck Despagne - Montagne Saint-Emilion","article_modified_time":"2022-10-21T14:04:01+00:00","og_image":[{"width":1000,"height":500,"url":"https:\/\/www.franckdespagne.com\/wp-content\/uploads\/bkg_tonneaux_3.jpg","type":"image\/jpeg"}],"twitter_misc":{"Dur\u00e9e de lecture estim\u00e9e":"1 minute"},"schema":{"@context":"https:\/\/schema.org","@graph":[{"@type":"WebPage","@id":"https:\/\/www.franckdespagne.com\/fr\/mentions-legales\/","url":"https:\/\/www.franckdespagne.com\/fr\/mentions-legales\/","name":"Mentions l\u00e9gales - Franck Despagne - Montagne Saint-Emilion","isPartOf":{"@id":"https:\/\/www.franckdespagne.com\/fr\/#website"},"primaryImageOfPage":{"@id":"https:\/\/www.franckdespagne.com\/fr\/mentions-legales\/#primaryimage"},"image":{"@id":"https:\/\/www.franckdespagne.com\/fr\/mentions-legales\/#primaryimage"},"thumbnailUrl":"https:\/\/www.franckdespagne.com\/wp-content\/uploads\/bkg_tonneaux_3.jpg","datePublished":"2014-10-15T19:55:14+00:00","dateModified":"2022-10-21T14:04:01+00:00","breadcrumb":{"@id":"https:\/\/www.franckdespagne.com\/fr\/mentions-legales\/#breadcrumb"},"inLanguage":"fr-FR","potentialAction":[{"@type":"ReadAction","target":["https:\/\/www.franckdespagne.com\/fr\/mentions-legales\/"]}]},{"@type":"ImageObject","inLanguage":"fr-FR","@id":"https:\/\/www.franckdespagne.com\/fr\/mentions-legales\/#primaryimage","url":"https:\/\/www.franckdespagne.com\/wp-content\/uploads\/bkg_tonneaux_3.jpg","contentUrl":"https:\/\/www.franckdespagne.com\/wp-content\/uploads\/bkg_tonneaux_3.jpg","width":1000,"height":500},{"@type":"BreadcrumbList","@id":"https:\/\/www.franckdespagne.com\/fr\/mentions-legales\/#breadcrumb","itemListElement":[{"@type":"ListItem","position":1,"name":"Accueil","item":"https:\/\/www.franckdespagne.com\/fr\/"},{"@type":"ListItem","position":2,"name":"Mentions l\u00e9gales"}]},{"@type":"WebSite","@id":"https:\/\/www.franckdespagne.com\/fr\/#website","url":"https:\/\/www.franckdespagne.com\/fr\/","name":"Franck Despagne - Montagne Saint-Emilion","description":"","potentialAction":[{"@type":"SearchAction","target":{"@type":"EntryPoint","urlTemplate":"https:\/\/www.franckdespagne.com\/fr\/?s={search_term_string}"},"query-input":{"@type":"PropertyValueSpecification","valueRequired":true,"valueName":"search_term_string"}}],"inLanguage":"fr-FR"}]}},"_links":{"self":[{"href":"https:\/\/www.franckdespagne.com\/fr\/wp-json\/wp\/v2\/pages\/297"}],"collection":[{"href":"https:\/\/www.franckdespagne.com\/fr\/wp-json\/wp\/v2\/pages"}],"about":[{"href":"https:\/\/www.franckdespagne.com\/fr\/wp-json\/wp\/v2\/types\/page"}],"author":[{"embeddable":true,"href":"https:\/\/www.franckdespagne.com\/fr\/wp-json\/wp\/v2\/users\/1"}],"replies":[{"embeddable":true,"href":"https:\/\/www.franckdespagne.com\/fr\/wp-json\/wp\/v2\/comments?post=297"}],"version-history":[{"count":15,"href":"https:\/\/www.franckdespagne.com\/fr\/wp-json\/wp\/v2\/pages\/297\/revisions"}],"predecessor-version":[{"id":1093,"href":"https:\/\/www.franckdespagne.com\/fr\/wp-json\/wp\/v2\/pages\/297\/revisions\/1093"}],"wp:featuredmedia":[{"embeddable":true,"href":"https:\/\/www.franckdespagne.com\/fr\/wp-json\/wp\/v2\/media\/342"}],"wp:attachment":[{"href":"https:\/\/www.franckdespagne.com\/fr\/wp-json\/wp\/v2\/media?parent=297"}],"curies":[{"name":"wp","href":"https:\/\/api.w.org\/{rel}","templated":true}]}}