{"id":26,"date":"2014-09-25T09:18:45","date_gmt":"2014-09-25T08:18:45","guid":{"rendered":"https:\/\/franckdespagne.com\/?page_id=26"},"modified":"2025-10-24T15:57:37","modified_gmt":"2025-10-24T14:57:37","slug":"lenvie-montagne-saint-emilion","status":"publish","type":"page","link":"https:\/\/www.franckdespagne.com\/fr\/lenvie-montagne-saint-emilion\/","title":{"rendered":"L&rsquo;Envie"},"content":{"rendered":"<p><span class=\"legend_product\">Montagne Saint Emilion<\/span><\/p>\n<p>S\u00e9lection de vieilles vignes. \u00c9levage en barriques neuves. Vin \u00e0 la couleur sombre, structure tannique riche et ample.<br \/>\nVin de grande garde.<\/p>\n<p class=\"text_light\">Terroir : argilo calcaire<br \/>\nTerre forte et profonde r\u00e9sistante \u00e0 la s\u00e9cheresse<br \/>\nC\u00e9page : vieux merlot de plus de 50 ans \u00e0 80%, cabernet franc 10%, cabernet sauvignon 10%<\/p>\n<p><strong>2022 &#8211; Une \u00e9toile au Guide Hachette<br \/>\n2018 &#8211; M\u00e9daille d&rsquo;Or au Concours des Vignerons Ind\u00e9pendants<br \/>\n2019 &#8211; Une \u00e9toile au Guide Hachette<br \/>\n2015 &#8211; Deux \u00e9toiles au Guide Hachette<br \/>\n2014 &#8211; Coup de c\u0153ur du Guide Hachette<br \/>\n<\/strong><strong>2012 &#8211; Coup de c\u0153ur du Guide Hachette<br \/>\n2010 &#8211; M\u00e9daille d&rsquo;or Vignerons Ind\u00e9pendants<\/strong><\/p>\n","protected":false},"excerpt":{"rendered":"<p>Montagne Saint Emilion S\u00e9lection de vieilles vignes. \u00c9levage en barriques neuves. Vin \u00e0 la couleur sombre, structure tannique riche et ample. Vin de grande garde. Terroir : argilo calcaire Terre forte et profonde r\u00e9sistante \u00e0 la s\u00e9cheresse C\u00e9page : vieux merlot de plus de 50 ans \u00e0 80%, cabernet franc 10%, cabernet sauvignon 10% 2022 [&hellip;]<\/p>\n","protected":false},"author":1,"featured_media":977,"parent":0,"menu_order":0,"comment_status":"open","ping_status":"open","template":"page-templates\/full-width.php","meta":{"footnotes":""},"yoast_head":"<!-- This site is optimized with the Yoast SEO plugin v24.4 - https:\/\/yoast.com\/wordpress\/plugins\/seo\/ -->\n<title>L&#039;Envie - Franck Despagne - Montagne Saint-Emilion<\/title>\n<meta name=\"robots\" content=\"index, follow, max-snippet:-1, max-image-preview:large, max-video-preview:-1\" \/>\n<link rel=\"canonical\" href=\"https:\/\/www.franckdespagne.com\/fr\/lenvie-montagne-saint-emilion\/\" \/>\n<meta property=\"og:locale\" content=\"fr_FR\" \/>\n<meta property=\"og:type\" content=\"article\" \/>\n<meta property=\"og:title\" content=\"L&#039;Envie - Franck Despagne - Montagne Saint-Emilion\" \/>\n<meta property=\"og:description\" content=\"Montagne Saint Emilion S\u00e9lection de vieilles vignes. \u00c9levage en barriques neuves. Vin \u00e0 la couleur sombre, structure tannique riche et ample. Vin de grande garde. Terroir : argilo calcaire Terre forte et profonde r\u00e9sistante \u00e0 la s\u00e9cheresse C\u00e9page : vieux merlot de plus de 50 ans \u00e0 80%, cabernet franc 10%, cabernet sauvignon 10% 2022 [&hellip;]\" \/>\n<meta property=\"og:url\" content=\"https:\/\/www.franckdespagne.com\/fr\/lenvie-montagne-saint-emilion\/\" \/>\n<meta property=\"og:site_name\" content=\"Franck Despagne - Montagne Saint-Emilion\" \/>\n<meta property=\"article:modified_time\" content=\"2025-10-24T14:57:37+00:00\" \/>\n<meta property=\"og:image\" content=\"https:\/\/www.franckdespagne.com\/wp-content\/uploads\/2020-envie-montagne-saint-emilion-bordeaux-1.png\" \/>\n\t<meta property=\"og:image:width\" content=\"250\" \/>\n\t<meta property=\"og:image:height\" content=\"500\" \/>\n\t<meta property=\"og:image:type\" content=\"image\/png\" \/>\n<meta name=\"twitter:label1\" content=\"Dur\u00e9e de lecture estim\u00e9e\" \/>\n\t<meta name=\"twitter:data1\" content=\"1 minute\" \/>\n<script type=\"application\/ld+json\" class=\"yoast-schema-graph\">{\"@context\":\"https:\/\/schema.org\",\"@graph\":[{\"@type\":\"WebPage\",\"@id\":\"https:\/\/www.franckdespagne.com\/fr\/lenvie-montagne-saint-emilion\/\",\"url\":\"https:\/\/www.franckdespagne.com\/fr\/lenvie-montagne-saint-emilion\/\",\"name\":\"L'Envie - Franck Despagne - Montagne Saint-Emilion\",\"isPartOf\":{\"@id\":\"https:\/\/www.franckdespagne.com\/fr\/#website\"},\"primaryImageOfPage\":{\"@id\":\"https:\/\/www.franckdespagne.com\/fr\/lenvie-montagne-saint-emilion\/#primaryimage\"},\"image\":{\"@id\":\"https:\/\/www.franckdespagne.com\/fr\/lenvie-montagne-saint-emilion\/#primaryimage\"},\"thumbnailUrl\":\"https:\/\/www.franckdespagne.com\/wp-content\/uploads\/2020-envie-montagne-saint-emilion-bordeaux-1.png\",\"datePublished\":\"2014-09-25T08:18:45+00:00\",\"dateModified\":\"2025-10-24T14:57:37+00:00\",\"breadcrumb\":{\"@id\":\"https:\/\/www.franckdespagne.com\/fr\/lenvie-montagne-saint-emilion\/#breadcrumb\"},\"inLanguage\":\"fr-FR\",\"potentialAction\":[{\"@type\":\"ReadAction\",\"target\":[\"https:\/\/www.franckdespagne.com\/fr\/lenvie-montagne-saint-emilion\/\"]}]},{\"@type\":\"ImageObject\",\"inLanguage\":\"fr-FR\",\"@id\":\"https:\/\/www.franckdespagne.com\/fr\/lenvie-montagne-saint-emilion\/#primaryimage\",\"url\":\"https:\/\/www.franckdespagne.com\/wp-content\/uploads\/2020-envie-montagne-saint-emilion-bordeaux-1.png\",\"contentUrl\":\"https:\/\/www.franckdespagne.com\/wp-content\/uploads\/2020-envie-montagne-saint-emilion-bordeaux-1.png\",\"width\":250,\"height\":500},{\"@type\":\"BreadcrumbList\",\"@id\":\"https:\/\/www.franckdespagne.com\/fr\/lenvie-montagne-saint-emilion\/#breadcrumb\",\"itemListElement\":[{\"@type\":\"ListItem\",\"position\":1,\"name\":\"Accueil\",\"item\":\"https:\/\/www.franckdespagne.com\/fr\/\"},{\"@type\":\"ListItem\",\"position\":2,\"name\":\"L&rsquo;Envie\"}]},{\"@type\":\"WebSite\",\"@id\":\"https:\/\/www.franckdespagne.com\/fr\/#website\",\"url\":\"https:\/\/www.franckdespagne.com\/fr\/\",\"name\":\"Franck Despagne - Montagne Saint-Emilion\",\"description\":\"\",\"potentialAction\":[{\"@type\":\"SearchAction\",\"target\":{\"@type\":\"EntryPoint\",\"urlTemplate\":\"https:\/\/www.franckdespagne.com\/fr\/?s={search_term_string}\"},\"query-input\":{\"@type\":\"PropertyValueSpecification\",\"valueRequired\":true,\"valueName\":\"search_term_string\"}}],\"inLanguage\":\"fr-FR\"}]}<\/script>\n<!-- \/ Yoast SEO plugin. -->","yoast_head_json":{"title":"L'Envie - Franck Despagne - Montagne Saint-Emilion","robots":{"index":"index","follow":"follow","max-snippet":"max-snippet:-1","max-image-preview":"max-image-preview:large","max-video-preview":"max-video-preview:-1"},"canonical":"https:\/\/www.franckdespagne.com\/fr\/lenvie-montagne-saint-emilion\/","og_locale":"fr_FR","og_type":"article","og_title":"L'Envie - Franck Despagne - Montagne Saint-Emilion","og_description":"Montagne Saint Emilion S\u00e9lection de vieilles vignes. \u00c9levage en barriques neuves. Vin \u00e0 la couleur sombre, structure tannique riche et ample. Vin de grande garde. Terroir : argilo calcaire Terre forte et profonde r\u00e9sistante \u00e0 la s\u00e9cheresse C\u00e9page : vieux merlot de plus de 50 ans \u00e0 80%, cabernet franc 10%, cabernet sauvignon 10% 2022 [&hellip;]","og_url":"https:\/\/www.franckdespagne.com\/fr\/lenvie-montagne-saint-emilion\/","og_site_name":"Franck Despagne - Montagne Saint-Emilion","article_modified_time":"2025-10-24T14:57:37+00:00","og_image":[{"width":250,"height":500,"url":"https:\/\/www.franckdespagne.com\/wp-content\/uploads\/2020-envie-montagne-saint-emilion-bordeaux-1.png","type":"image\/png"}],"twitter_misc":{"Dur\u00e9e de lecture estim\u00e9e":"1 minute"},"schema":{"@context":"https:\/\/schema.org","@graph":[{"@type":"WebPage","@id":"https:\/\/www.franckdespagne.com\/fr\/lenvie-montagne-saint-emilion\/","url":"https:\/\/www.franckdespagne.com\/fr\/lenvie-montagne-saint-emilion\/","name":"L'Envie - Franck Despagne - Montagne Saint-Emilion","isPartOf":{"@id":"https:\/\/www.franckdespagne.com\/fr\/#website"},"primaryImageOfPage":{"@id":"https:\/\/www.franckdespagne.com\/fr\/lenvie-montagne-saint-emilion\/#primaryimage"},"image":{"@id":"https:\/\/www.franckdespagne.com\/fr\/lenvie-montagne-saint-emilion\/#primaryimage"},"thumbnailUrl":"https:\/\/www.franckdespagne.com\/wp-content\/uploads\/2020-envie-montagne-saint-emilion-bordeaux-1.png","datePublished":"2014-09-25T08:18:45+00:00","dateModified":"2025-10-24T14:57:37+00:00","breadcrumb":{"@id":"https:\/\/www.franckdespagne.com\/fr\/lenvie-montagne-saint-emilion\/#breadcrumb"},"inLanguage":"fr-FR","potentialAction":[{"@type":"ReadAction","target":["https:\/\/www.franckdespagne.com\/fr\/lenvie-montagne-saint-emilion\/"]}]},{"@type":"ImageObject","inLanguage":"fr-FR","@id":"https:\/\/www.franckdespagne.com\/fr\/lenvie-montagne-saint-emilion\/#primaryimage","url":"https:\/\/www.franckdespagne.com\/wp-content\/uploads\/2020-envie-montagne-saint-emilion-bordeaux-1.png","contentUrl":"https:\/\/www.franckdespagne.com\/wp-content\/uploads\/2020-envie-montagne-saint-emilion-bordeaux-1.png","width":250,"height":500},{"@type":"BreadcrumbList","@id":"https:\/\/www.franckdespagne.com\/fr\/lenvie-montagne-saint-emilion\/#breadcrumb","itemListElement":[{"@type":"ListItem","position":1,"name":"Accueil","item":"https:\/\/www.franckdespagne.com\/fr\/"},{"@type":"ListItem","position":2,"name":"L&rsquo;Envie"}]},{"@type":"WebSite","@id":"https:\/\/www.franckdespagne.com\/fr\/#website","url":"https:\/\/www.franckdespagne.com\/fr\/","name":"Franck Despagne - Montagne Saint-Emilion","description":"","potentialAction":[{"@type":"SearchAction","target":{"@type":"EntryPoint","urlTemplate":"https:\/\/www.franckdespagne.com\/fr\/?s={search_term_string}"},"query-input":{"@type":"PropertyValueSpecification","valueRequired":true,"valueName":"search_term_string"}}],"inLanguage":"fr-FR"}]}},"_links":{"self":[{"href":"https:\/\/www.franckdespagne.com\/fr\/wp-json\/wp\/v2\/pages\/26"}],"collection":[{"href":"https:\/\/www.franckdespagne.com\/fr\/wp-json\/wp\/v2\/pages"}],"about":[{"href":"https:\/\/www.franckdespagne.com\/fr\/wp-json\/wp\/v2\/types\/page"}],"author":[{"embeddable":true,"href":"https:\/\/www.franckdespagne.com\/fr\/wp-json\/wp\/v2\/users\/1"}],"replies":[{"embeddable":true,"href":"https:\/\/www.franckdespagne.com\/fr\/wp-json\/wp\/v2\/comments?post=26"}],"version-history":[{"count":34,"href":"https:\/\/www.franckdespagne.com\/fr\/wp-json\/wp\/v2\/pages\/26\/revisions"}],"predecessor-version":[{"id":1204,"href":"https:\/\/www.franckdespagne.com\/fr\/wp-json\/wp\/v2\/pages\/26\/revisions\/1204"}],"wp:featuredmedia":[{"embeddable":true,"href":"https:\/\/www.franckdespagne.com\/fr\/wp-json\/wp\/v2\/media\/977"}],"wp:attachment":[{"href":"https:\/\/www.franckdespagne.com\/fr\/wp-json\/wp\/v2\/media?parent=26"}],"curies":[{"name":"wp","href":"https:\/\/api.w.org\/{rel}","templated":true}]}}