{"id":255,"date":"2014-10-02T09:24:31","date_gmt":"2014-10-02T08:24:31","guid":{"rendered":"https:\/\/www.franckdespagne.com\/?page_id=255"},"modified":"2025-09-30T08:56:53","modified_gmt":"2025-09-30T07:56:53","slug":"tarifs","status":"publish","type":"page","link":"https:\/\/www.franckdespagne.com\/fr\/tarifs\/","title":{"rendered":"Tarifs"},"content":{"rendered":"<p>Vous trouverez dans le document t\u00e9l\u00e9chargeable ci-dessous, nos tarifs <strong>D\u00e9part propri\u00e9t\u00e9<\/strong> et nos tarifs <strong>Vente par correspondance<\/strong>.<\/p>\n<p>Tarifs d\u00e9part propri\u00e9t\u00e9 :<br \/>\n<a title=\"Tarifs Vente \u00e0 la propri\u00e9t\u00e9\" href=\"https:\/\/www.franckdespagne.com\/wp-content\/uploads\/Tarifs-Despagne-Depart-Propriete-2025-2026.pdf\" target=\"_blank\" rel=\"noopener noreferrer\">T\u00e9l\u00e9charger la brochure <strong>Tarifs 2025-2026<\/strong><\/a><strong><\/strong> (PDF)<\/p>\n<p>Tarifs Vente par correspondance :<br \/>\n<a title=\"Tarifs Vente \u00e0 la propri\u00e9t\u00e9\" href=\"https:\/\/www.franckdespagne.com\/wp-content\/uploads\/Tarifs-Despagne-VPC-2025-2026.pdf\" target=\"_blank\" rel=\"noopener noreferrer\">T\u00e9l\u00e9charger la brochure <strong>Tarifs 2025-2026<\/strong><\/a> (PDF)<\/p>\n<p>Nos vins sont exp\u00e9di\u00e9s via un transporteur sp\u00e9cialis\u00e9 qui assure des conditions optimales de transport.<\/p>\n","protected":false},"excerpt":{"rendered":"<p>Vous trouverez dans le document t\u00e9l\u00e9chargeable ci-dessous, nos tarifs D\u00e9part propri\u00e9t\u00e9 et nos tarifs Vente par correspondance. Tarifs d\u00e9part propri\u00e9t\u00e9 : T\u00e9l\u00e9charger la brochure Tarifs 2025-2026 (PDF) Tarifs Vente par correspondance : T\u00e9l\u00e9charger la brochure Tarifs 2025-2026 (PDF) Nos vins sont exp\u00e9di\u00e9s via un transporteur sp\u00e9cialis\u00e9 qui assure des conditions optimales de transport.<\/p>\n","protected":false},"author":1,"featured_media":349,"parent":0,"menu_order":0,"comment_status":"closed","ping_status":"open","template":"","meta":{"footnotes":""},"yoast_head":"<!-- This site is optimized with the Yoast SEO plugin v24.4 - https:\/\/yoast.com\/wordpress\/plugins\/seo\/ -->\n<title>Tarifs - Franck Despagne - Montagne Saint-Emilion<\/title>\n<meta name=\"description\" content=\"Retrouvez ici les tarifs des vins du domaine, disponibles \u00e0 la propri\u00e9t\u00e9 ou en vente par correspondance.\" \/>\n<meta name=\"robots\" content=\"index, follow, max-snippet:-1, max-image-preview:large, max-video-preview:-1\" \/>\n<link rel=\"canonical\" href=\"https:\/\/www.franckdespagne.com\/fr\/tarifs\/\" \/>\n<meta property=\"og:locale\" content=\"fr_FR\" \/>\n<meta property=\"og:type\" content=\"article\" \/>\n<meta property=\"og:title\" content=\"Tarifs - Franck Despagne - Montagne Saint-Emilion\" \/>\n<meta property=\"og:description\" content=\"Retrouvez ici les tarifs des vins du domaine, disponibles \u00e0 la propri\u00e9t\u00e9 ou en vente par correspondance.\" \/>\n<meta property=\"og:url\" content=\"https:\/\/www.franckdespagne.com\/fr\/tarifs\/\" \/>\n<meta property=\"og:site_name\" content=\"Franck Despagne - Montagne Saint-Emilion\" \/>\n<meta property=\"article:modified_time\" content=\"2025-09-30T07:56:53+00:00\" \/>\n<meta property=\"og:image\" content=\"https:\/\/www.franckdespagne.com\/wp-content\/uploads\/bkg_domaine2.jpg\" \/>\n\t<meta property=\"og:image:width\" content=\"1000\" \/>\n\t<meta property=\"og:image:height\" content=\"500\" \/>\n\t<meta property=\"og:image:type\" content=\"image\/jpeg\" \/>\n<meta name=\"twitter:label1\" content=\"Dur\u00e9e de lecture estim\u00e9e\" \/>\n\t<meta name=\"twitter:data1\" content=\"1 minute\" \/>\n<script type=\"application\/ld+json\" class=\"yoast-schema-graph\">{\"@context\":\"https:\/\/schema.org\",\"@graph\":[{\"@type\":\"WebPage\",\"@id\":\"https:\/\/www.franckdespagne.com\/fr\/tarifs\/\",\"url\":\"https:\/\/www.franckdespagne.com\/fr\/tarifs\/\",\"name\":\"Tarifs - Franck Despagne - Montagne Saint-Emilion\",\"isPartOf\":{\"@id\":\"https:\/\/www.franckdespagne.com\/fr\/#website\"},\"primaryImageOfPage\":{\"@id\":\"https:\/\/www.franckdespagne.com\/fr\/tarifs\/#primaryimage\"},\"image\":{\"@id\":\"https:\/\/www.franckdespagne.com\/fr\/tarifs\/#primaryimage\"},\"thumbnailUrl\":\"https:\/\/www.franckdespagne.com\/wp-content\/uploads\/bkg_domaine2.jpg\",\"datePublished\":\"2014-10-02T08:24:31+00:00\",\"dateModified\":\"2025-09-30T07:56:53+00:00\",\"description\":\"Retrouvez ici les tarifs des vins du domaine, disponibles \u00e0 la propri\u00e9t\u00e9 ou en vente par correspondance.\",\"breadcrumb\":{\"@id\":\"https:\/\/www.franckdespagne.com\/fr\/tarifs\/#breadcrumb\"},\"inLanguage\":\"fr-FR\",\"potentialAction\":[{\"@type\":\"ReadAction\",\"target\":[\"https:\/\/www.franckdespagne.com\/fr\/tarifs\/\"]}]},{\"@type\":\"ImageObject\",\"inLanguage\":\"fr-FR\",\"@id\":\"https:\/\/www.franckdespagne.com\/fr\/tarifs\/#primaryimage\",\"url\":\"https:\/\/www.franckdespagne.com\/wp-content\/uploads\/bkg_domaine2.jpg\",\"contentUrl\":\"https:\/\/www.franckdespagne.com\/wp-content\/uploads\/bkg_domaine2.jpg\",\"width\":1000,\"height\":500},{\"@type\":\"BreadcrumbList\",\"@id\":\"https:\/\/www.franckdespagne.com\/fr\/tarifs\/#breadcrumb\",\"itemListElement\":[{\"@type\":\"ListItem\",\"position\":1,\"name\":\"Accueil\",\"item\":\"https:\/\/www.franckdespagne.com\/fr\/\"},{\"@type\":\"ListItem\",\"position\":2,\"name\":\"Tarifs\"}]},{\"@type\":\"WebSite\",\"@id\":\"https:\/\/www.franckdespagne.com\/fr\/#website\",\"url\":\"https:\/\/www.franckdespagne.com\/fr\/\",\"name\":\"Franck Despagne - Montagne Saint-Emilion\",\"description\":\"\",\"potentialAction\":[{\"@type\":\"SearchAction\",\"target\":{\"@type\":\"EntryPoint\",\"urlTemplate\":\"https:\/\/www.franckdespagne.com\/fr\/?s={search_term_string}\"},\"query-input\":{\"@type\":\"PropertyValueSpecification\",\"valueRequired\":true,\"valueName\":\"search_term_string\"}}],\"inLanguage\":\"fr-FR\"}]}<\/script>\n<!-- \/ Yoast SEO plugin. -->","yoast_head_json":{"title":"Tarifs - Franck Despagne - Montagne Saint-Emilion","description":"Retrouvez ici les tarifs des vins du domaine, disponibles \u00e0 la propri\u00e9t\u00e9 ou en vente par correspondance.","robots":{"index":"index","follow":"follow","max-snippet":"max-snippet:-1","max-image-preview":"max-image-preview:large","max-video-preview":"max-video-preview:-1"},"canonical":"https:\/\/www.franckdespagne.com\/fr\/tarifs\/","og_locale":"fr_FR","og_type":"article","og_title":"Tarifs - Franck Despagne - Montagne Saint-Emilion","og_description":"Retrouvez ici les tarifs des vins du domaine, disponibles \u00e0 la propri\u00e9t\u00e9 ou en vente par correspondance.","og_url":"https:\/\/www.franckdespagne.com\/fr\/tarifs\/","og_site_name":"Franck Despagne - Montagne Saint-Emilion","article_modified_time":"2025-09-30T07:56:53+00:00","og_image":[{"width":1000,"height":500,"url":"https:\/\/www.franckdespagne.com\/wp-content\/uploads\/bkg_domaine2.jpg","type":"image\/jpeg"}],"twitter_misc":{"Dur\u00e9e de lecture estim\u00e9e":"1 minute"},"schema":{"@context":"https:\/\/schema.org","@graph":[{"@type":"WebPage","@id":"https:\/\/www.franckdespagne.com\/fr\/tarifs\/","url":"https:\/\/www.franckdespagne.com\/fr\/tarifs\/","name":"Tarifs - Franck Despagne - Montagne Saint-Emilion","isPartOf":{"@id":"https:\/\/www.franckdespagne.com\/fr\/#website"},"primaryImageOfPage":{"@id":"https:\/\/www.franckdespagne.com\/fr\/tarifs\/#primaryimage"},"image":{"@id":"https:\/\/www.franckdespagne.com\/fr\/tarifs\/#primaryimage"},"thumbnailUrl":"https:\/\/www.franckdespagne.com\/wp-content\/uploads\/bkg_domaine2.jpg","datePublished":"2014-10-02T08:24:31+00:00","dateModified":"2025-09-30T07:56:53+00:00","description":"Retrouvez ici les tarifs des vins du domaine, disponibles \u00e0 la propri\u00e9t\u00e9 ou en vente par correspondance.","breadcrumb":{"@id":"https:\/\/www.franckdespagne.com\/fr\/tarifs\/#breadcrumb"},"inLanguage":"fr-FR","potentialAction":[{"@type":"ReadAction","target":["https:\/\/www.franckdespagne.com\/fr\/tarifs\/"]}]},{"@type":"ImageObject","inLanguage":"fr-FR","@id":"https:\/\/www.franckdespagne.com\/fr\/tarifs\/#primaryimage","url":"https:\/\/www.franckdespagne.com\/wp-content\/uploads\/bkg_domaine2.jpg","contentUrl":"https:\/\/www.franckdespagne.com\/wp-content\/uploads\/bkg_domaine2.jpg","width":1000,"height":500},{"@type":"BreadcrumbList","@id":"https:\/\/www.franckdespagne.com\/fr\/tarifs\/#breadcrumb","itemListElement":[{"@type":"ListItem","position":1,"name":"Accueil","item":"https:\/\/www.franckdespagne.com\/fr\/"},{"@type":"ListItem","position":2,"name":"Tarifs"}]},{"@type":"WebSite","@id":"https:\/\/www.franckdespagne.com\/fr\/#website","url":"https:\/\/www.franckdespagne.com\/fr\/","name":"Franck Despagne - Montagne Saint-Emilion","description":"","potentialAction":[{"@type":"SearchAction","target":{"@type":"EntryPoint","urlTemplate":"https:\/\/www.franckdespagne.com\/fr\/?s={search_term_string}"},"query-input":{"@type":"PropertyValueSpecification","valueRequired":true,"valueName":"search_term_string"}}],"inLanguage":"fr-FR"}]}},"_links":{"self":[{"href":"https:\/\/www.franckdespagne.com\/fr\/wp-json\/wp\/v2\/pages\/255"}],"collection":[{"href":"https:\/\/www.franckdespagne.com\/fr\/wp-json\/wp\/v2\/pages"}],"about":[{"href":"https:\/\/www.franckdespagne.com\/fr\/wp-json\/wp\/v2\/types\/page"}],"author":[{"embeddable":true,"href":"https:\/\/www.franckdespagne.com\/fr\/wp-json\/wp\/v2\/users\/1"}],"replies":[{"embeddable":true,"href":"https:\/\/www.franckdespagne.com\/fr\/wp-json\/wp\/v2\/comments?post=255"}],"version-history":[{"count":25,"href":"https:\/\/www.franckdespagne.com\/fr\/wp-json\/wp\/v2\/pages\/255\/revisions"}],"predecessor-version":[{"id":1195,"href":"https:\/\/www.franckdespagne.com\/fr\/wp-json\/wp\/v2\/pages\/255\/revisions\/1195"}],"wp:featuredmedia":[{"embeddable":true,"href":"https:\/\/www.franckdespagne.com\/fr\/wp-json\/wp\/v2\/media\/349"}],"wp:attachment":[{"href":"https:\/\/www.franckdespagne.com\/fr\/wp-json\/wp\/v2\/media?parent=255"}],"curies":[{"name":"wp","href":"https:\/\/api.w.org\/{rel}","templated":true}]}}