{"id":24,"date":"2014-09-25T09:18:14","date_gmt":"2014-09-25T08:18:14","guid":{"rendered":"https:\/\/franckdespagne.com\/?page_id=24"},"modified":"2020-11-19T17:34:24","modified_gmt":"2020-11-19T16:34:24","slug":"les-vins","status":"publish","type":"page","link":"https:\/\/www.franckdespagne.com\/fr\/les-vins\/","title":{"rendered":"Les vins"},"content":{"rendered":"<p>Les Vignobles Franck Despagne rassemblent <strong>six vins<\/strong>, aux caract\u00e8res affirm\u00e9s, vifs, intenses et puissants :<\/p>\n<p><a title=\"L\u2019Envie\" href=\"https:\/\/www.franckdespagne.com\/fr\/lenvie-montagne-saint-emilion\/\"><strong>L&rsquo;Envie<\/strong><\/a><br \/>\nMontagne Saint-Emilion<\/p>\n<p><a title=\"Ch\u00e2teau Vieux Bonneau\" href=\"https:\/\/www.franckdespagne.com\/fr\/chateau-vieux-bonneau-montagne-saint-emilion\/\"><strong>Chateau Vieux Bonneau<\/strong><\/a><br \/>\nMontagne Saint-Emilion<\/p>\n<p><a title=\"L'Hote Antique\" href=\"https:\/\/www.franckdespagne.com\/fr\/hote-antique-amphore-montagne-saint-emilion\/\/\"><strong>L&rsquo;H\u00f4te Antique<\/strong><\/a><br \/>\nMontagne Saint-Emilion &#8211; \u00c9lev\u00e9 en amphore<\/p>\n<p><a title=\"Ch\u00e2teau Jamard Belcour\" href=\"https:\/\/www.franckdespagne.com\/fr\/chateau-jamard-belcour-lussac-saint-emilion\/\"><strong>Ch\u00e2teau Jamard Belcour<\/strong><\/a><br \/>\nLussac Saint-Emilion<\/p>\n<p><a title=\"Ch\u00e2teau Lapourcaud Bellevue\" href=\"https:\/\/www.franckdespagne.com\/fr\/chateau-despagne-bellevue-bordeaux\/\"><strong>Ch\u00e2teau Despagne Bellevue<\/strong><\/a><br \/>\nBordeaux sup\u00e9rieur<\/p>\n<p><a title=\"Ante\u00efs\" href=\"https:\/\/www.franckdespagne.com\/fr\/anteis-bordeaux-rose\/\"><strong>Ante\u00efs<\/strong><\/a><br \/>\nBordeaux ros\u00e9<\/p>\n","protected":false},"excerpt":{"rendered":"<p>Les Vignobles Franck Despagne rassemblent six vins, aux caract\u00e8res affirm\u00e9s, vifs, intenses et puissants : L&rsquo;Envie Montagne Saint-Emilion Chateau Vieux Bonneau Montagne Saint-Emilion L&rsquo;H\u00f4te Antique Montagne Saint-Emilion &#8211; \u00c9lev\u00e9 en amphore Ch\u00e2teau Jamard Belcour Lussac Saint-Emilion Ch\u00e2teau Despagne Bellevue Bordeaux sup\u00e9rieur Ante\u00efs Bordeaux ros\u00e9<\/p>\n","protected":false},"author":1,"featured_media":344,"parent":0,"menu_order":0,"comment_status":"open","ping_status":"open","template":"","meta":{"footnotes":""},"yoast_head":"<!-- This site is optimized with the Yoast SEO plugin v24.4 - https:\/\/yoast.com\/wordpress\/plugins\/seo\/ -->\n<title>Les vins - Franck Despagne - Montagne Saint-Emilion<\/title>\n<meta name=\"description\" content=\"Les Vignobles Franck Despagne produisent six vins, aux caract\u00e8res affirm\u00e9s et puissants, en Montagne Saint-Emilion ou Lussac Saint-Emilion.\" \/>\n<meta name=\"robots\" content=\"index, follow, max-snippet:-1, max-image-preview:large, max-video-preview:-1\" \/>\n<link rel=\"canonical\" href=\"https:\/\/www.franckdespagne.com\/fr\/les-vins\/\" \/>\n<meta property=\"og:locale\" content=\"fr_FR\" \/>\n<meta property=\"og:type\" content=\"article\" \/>\n<meta property=\"og:title\" content=\"Les vins - Franck Despagne - Montagne Saint-Emilion\" \/>\n<meta property=\"og:description\" content=\"Les Vignobles Franck Despagne produisent six vins, aux caract\u00e8res affirm\u00e9s et puissants, en Montagne Saint-Emilion ou Lussac Saint-Emilion.\" \/>\n<meta property=\"og:url\" content=\"https:\/\/www.franckdespagne.com\/fr\/les-vins\/\" \/>\n<meta property=\"og:site_name\" content=\"Franck Despagne - Montagne Saint-Emilion\" \/>\n<meta property=\"article:modified_time\" content=\"2020-11-19T16:34:24+00:00\" \/>\n<meta property=\"og:image\" content=\"https:\/\/www.franckdespagne.com\/wp-content\/uploads\/bkg_vins.jpg\" \/>\n\t<meta property=\"og:image:width\" content=\"1000\" \/>\n\t<meta property=\"og:image:height\" content=\"500\" \/>\n\t<meta property=\"og:image:type\" content=\"image\/jpeg\" \/>\n<script type=\"application\/ld+json\" class=\"yoast-schema-graph\">{\"@context\":\"https:\/\/schema.org\",\"@graph\":[{\"@type\":\"WebPage\",\"@id\":\"https:\/\/www.franckdespagne.com\/fr\/les-vins\/\",\"url\":\"https:\/\/www.franckdespagne.com\/fr\/les-vins\/\",\"name\":\"Les vins - Franck Despagne - Montagne Saint-Emilion\",\"isPartOf\":{\"@id\":\"https:\/\/www.franckdespagne.com\/fr\/#website\"},\"primaryImageOfPage\":{\"@id\":\"https:\/\/www.franckdespagne.com\/fr\/les-vins\/#primaryimage\"},\"image\":{\"@id\":\"https:\/\/www.franckdespagne.com\/fr\/les-vins\/#primaryimage\"},\"thumbnailUrl\":\"https:\/\/www.franckdespagne.com\/wp-content\/uploads\/bkg_vins.jpg\",\"datePublished\":\"2014-09-25T08:18:14+00:00\",\"dateModified\":\"2020-11-19T16:34:24+00:00\",\"description\":\"Les Vignobles Franck Despagne produisent six vins, aux caract\u00e8res affirm\u00e9s et puissants, en Montagne Saint-Emilion ou Lussac Saint-Emilion.\",\"breadcrumb\":{\"@id\":\"https:\/\/www.franckdespagne.com\/fr\/les-vins\/#breadcrumb\"},\"inLanguage\":\"fr-FR\",\"potentialAction\":[{\"@type\":\"ReadAction\",\"target\":[\"https:\/\/www.franckdespagne.com\/fr\/les-vins\/\"]}]},{\"@type\":\"ImageObject\",\"inLanguage\":\"fr-FR\",\"@id\":\"https:\/\/www.franckdespagne.com\/fr\/les-vins\/#primaryimage\",\"url\":\"https:\/\/www.franckdespagne.com\/wp-content\/uploads\/bkg_vins.jpg\",\"contentUrl\":\"https:\/\/www.franckdespagne.com\/wp-content\/uploads\/bkg_vins.jpg\",\"width\":1000,\"height\":500},{\"@type\":\"BreadcrumbList\",\"@id\":\"https:\/\/www.franckdespagne.com\/fr\/les-vins\/#breadcrumb\",\"itemListElement\":[{\"@type\":\"ListItem\",\"position\":1,\"name\":\"Accueil\",\"item\":\"https:\/\/www.franckdespagne.com\/fr\/\"},{\"@type\":\"ListItem\",\"position\":2,\"name\":\"Les vins\"}]},{\"@type\":\"WebSite\",\"@id\":\"https:\/\/www.franckdespagne.com\/fr\/#website\",\"url\":\"https:\/\/www.franckdespagne.com\/fr\/\",\"name\":\"Franck Despagne - Montagne Saint-Emilion\",\"description\":\"\",\"potentialAction\":[{\"@type\":\"SearchAction\",\"target\":{\"@type\":\"EntryPoint\",\"urlTemplate\":\"https:\/\/www.franckdespagne.com\/fr\/?s={search_term_string}\"},\"query-input\":{\"@type\":\"PropertyValueSpecification\",\"valueRequired\":true,\"valueName\":\"search_term_string\"}}],\"inLanguage\":\"fr-FR\"}]}<\/script>\n<!-- \/ Yoast SEO plugin. -->","yoast_head_json":{"title":"Les vins - Franck Despagne - Montagne Saint-Emilion","description":"Les Vignobles Franck Despagne produisent six vins, aux caract\u00e8res affirm\u00e9s et puissants, en Montagne Saint-Emilion ou Lussac Saint-Emilion.","robots":{"index":"index","follow":"follow","max-snippet":"max-snippet:-1","max-image-preview":"max-image-preview:large","max-video-preview":"max-video-preview:-1"},"canonical":"https:\/\/www.franckdespagne.com\/fr\/les-vins\/","og_locale":"fr_FR","og_type":"article","og_title":"Les vins - Franck Despagne - Montagne Saint-Emilion","og_description":"Les Vignobles Franck Despagne produisent six vins, aux caract\u00e8res affirm\u00e9s et puissants, en Montagne Saint-Emilion ou Lussac Saint-Emilion.","og_url":"https:\/\/www.franckdespagne.com\/fr\/les-vins\/","og_site_name":"Franck Despagne - Montagne Saint-Emilion","article_modified_time":"2020-11-19T16:34:24+00:00","og_image":[{"width":1000,"height":500,"url":"https:\/\/www.franckdespagne.com\/wp-content\/uploads\/bkg_vins.jpg","type":"image\/jpeg"}],"schema":{"@context":"https:\/\/schema.org","@graph":[{"@type":"WebPage","@id":"https:\/\/www.franckdespagne.com\/fr\/les-vins\/","url":"https:\/\/www.franckdespagne.com\/fr\/les-vins\/","name":"Les vins - Franck Despagne - Montagne Saint-Emilion","isPartOf":{"@id":"https:\/\/www.franckdespagne.com\/fr\/#website"},"primaryImageOfPage":{"@id":"https:\/\/www.franckdespagne.com\/fr\/les-vins\/#primaryimage"},"image":{"@id":"https:\/\/www.franckdespagne.com\/fr\/les-vins\/#primaryimage"},"thumbnailUrl":"https:\/\/www.franckdespagne.com\/wp-content\/uploads\/bkg_vins.jpg","datePublished":"2014-09-25T08:18:14+00:00","dateModified":"2020-11-19T16:34:24+00:00","description":"Les Vignobles Franck Despagne produisent six vins, aux caract\u00e8res affirm\u00e9s et puissants, en Montagne Saint-Emilion ou Lussac Saint-Emilion.","breadcrumb":{"@id":"https:\/\/www.franckdespagne.com\/fr\/les-vins\/#breadcrumb"},"inLanguage":"fr-FR","potentialAction":[{"@type":"ReadAction","target":["https:\/\/www.franckdespagne.com\/fr\/les-vins\/"]}]},{"@type":"ImageObject","inLanguage":"fr-FR","@id":"https:\/\/www.franckdespagne.com\/fr\/les-vins\/#primaryimage","url":"https:\/\/www.franckdespagne.com\/wp-content\/uploads\/bkg_vins.jpg","contentUrl":"https:\/\/www.franckdespagne.com\/wp-content\/uploads\/bkg_vins.jpg","width":1000,"height":500},{"@type":"BreadcrumbList","@id":"https:\/\/www.franckdespagne.com\/fr\/les-vins\/#breadcrumb","itemListElement":[{"@type":"ListItem","position":1,"name":"Accueil","item":"https:\/\/www.franckdespagne.com\/fr\/"},{"@type":"ListItem","position":2,"name":"Les vins"}]},{"@type":"WebSite","@id":"https:\/\/www.franckdespagne.com\/fr\/#website","url":"https:\/\/www.franckdespagne.com\/fr\/","name":"Franck Despagne - Montagne Saint-Emilion","description":"","potentialAction":[{"@type":"SearchAction","target":{"@type":"EntryPoint","urlTemplate":"https:\/\/www.franckdespagne.com\/fr\/?s={search_term_string}"},"query-input":{"@type":"PropertyValueSpecification","valueRequired":true,"valueName":"search_term_string"}}],"inLanguage":"fr-FR"}]}},"_links":{"self":[{"href":"https:\/\/www.franckdespagne.com\/fr\/wp-json\/wp\/v2\/pages\/24"}],"collection":[{"href":"https:\/\/www.franckdespagne.com\/fr\/wp-json\/wp\/v2\/pages"}],"about":[{"href":"https:\/\/www.franckdespagne.com\/fr\/wp-json\/wp\/v2\/types\/page"}],"author":[{"embeddable":true,"href":"https:\/\/www.franckdespagne.com\/fr\/wp-json\/wp\/v2\/users\/1"}],"replies":[{"embeddable":true,"href":"https:\/\/www.franckdespagne.com\/fr\/wp-json\/wp\/v2\/comments?post=24"}],"version-history":[{"count":16,"href":"https:\/\/www.franckdespagne.com\/fr\/wp-json\/wp\/v2\/pages\/24\/revisions"}],"predecessor-version":[{"id":1008,"href":"https:\/\/www.franckdespagne.com\/fr\/wp-json\/wp\/v2\/pages\/24\/revisions\/1008"}],"wp:featuredmedia":[{"embeddable":true,"href":"https:\/\/www.franckdespagne.com\/fr\/wp-json\/wp\/v2\/media\/344"}],"wp:attachment":[{"href":"https:\/\/www.franckdespagne.com\/fr\/wp-json\/wp\/v2\/media?parent=24"}],"curies":[{"name":"wp","href":"https:\/\/api.w.org\/{rel}","templated":true}]}}