{"id":2,"date":"2014-09-25T07:47:38","date_gmt":"2014-09-25T07:47:38","guid":{"rendered":"https:\/\/franckdespagne.com\/?page_id=2"},"modified":"2014-10-31T10:55:35","modified_gmt":"2014-10-31T09:55:35","slug":"le-domaine-despagne-saint-emilion","status":"publish","type":"page","link":"https:\/\/www.franckdespagne.com\/fr\/le-domaine-despagne-saint-emilion\/","title":{"rendered":"Le domaine"},"content":{"rendered":"<p>Situ\u00e9s entre Pomerol \u00e0 l\u2019Ouest et Saint-Emilion au Sud, les vignobles Franck Despagne \u00e0 Montagne Saint-\u00c9milion s\u2019\u00e9tendent sur 25 hectares au c\u0153ur des terroirs les plus prestigieux du Libournais.<\/p>\n<p>Alain et Franck Despagne ont su faire de ce domaine une r\u00e9f\u00e9rence pour les amateurs de vins subtils au caract\u00e8re g\u00e9n\u00e9reux, ample et affirm\u00e9 ; en laissant la parole au terroir, pour que s&rsquo;expriment en toute int\u00e9grit\u00e9, le sol et le mill\u00e9sime.<\/p>\n<p>Les vins de garde du domaine (L&rsquo;Envie, le Chateau Vieux Bonneau, le Ch\u00e2teau Jamard Belcour) ont \u00e9t\u00e9 r\u00e9guli\u00e8rement r\u00e9compens\u00e9s au Concours de Bordeaux et au Salon des Vignerons Ind\u00e9pendants.<\/p>\n","protected":false},"excerpt":{"rendered":"<p>Situ\u00e9s entre Pomerol \u00e0 l\u2019Ouest et Saint-Emilion au Sud, les vignobles Franck Despagne \u00e0 Montagne Saint-\u00c9milion s\u2019\u00e9tendent sur 25 hectares au c\u0153ur des terroirs les plus prestigieux du Libournais. Alain et Franck Despagne ont su faire de ce domaine une r\u00e9f\u00e9rence pour les amateurs de vins subtils au caract\u00e8re g\u00e9n\u00e9reux, ample et affirm\u00e9 ; en [&hellip;]<\/p>\n","protected":false},"author":1,"featured_media":349,"parent":0,"menu_order":0,"comment_status":"open","ping_status":"open","template":"","meta":{"footnotes":""},"yoast_head":"<!-- This site is optimized with the Yoast SEO plugin v24.4 - https:\/\/yoast.com\/wordpress\/plugins\/seo\/ -->\n<title>Le domaine - Franck Despagne - Montagne Saint-Emilion<\/title>\n<meta name=\"robots\" content=\"index, follow, max-snippet:-1, max-image-preview:large, max-video-preview:-1\" \/>\n<link rel=\"canonical\" href=\"https:\/\/www.franckdespagne.com\/fr\/le-domaine-despagne-saint-emilion\/\" \/>\n<meta property=\"og:locale\" content=\"fr_FR\" \/>\n<meta property=\"og:type\" content=\"article\" \/>\n<meta property=\"og:title\" content=\"Le domaine - Franck Despagne - Montagne Saint-Emilion\" \/>\n<meta property=\"og:description\" content=\"Situ\u00e9s entre Pomerol \u00e0 l\u2019Ouest et Saint-Emilion au Sud, les vignobles Franck Despagne \u00e0 Montagne Saint-\u00c9milion s\u2019\u00e9tendent sur 25 hectares au c\u0153ur des terroirs les plus prestigieux du Libournais. Alain et Franck Despagne ont su faire de ce domaine une r\u00e9f\u00e9rence pour les amateurs de vins subtils au caract\u00e8re g\u00e9n\u00e9reux, ample et affirm\u00e9 ; en [&hellip;]\" \/>\n<meta property=\"og:url\" content=\"https:\/\/www.franckdespagne.com\/fr\/le-domaine-despagne-saint-emilion\/\" \/>\n<meta property=\"og:site_name\" content=\"Franck Despagne - Montagne Saint-Emilion\" \/>\n<meta property=\"article:modified_time\" content=\"2014-10-31T09:55:35+00:00\" \/>\n<meta property=\"og:image\" content=\"https:\/\/www.franckdespagne.com\/wp-content\/uploads\/bkg_domaine2.jpg\" \/>\n\t<meta property=\"og:image:width\" content=\"1000\" \/>\n\t<meta property=\"og:image:height\" content=\"500\" \/>\n\t<meta property=\"og:image:type\" content=\"image\/jpeg\" \/>\n<meta name=\"twitter:label1\" content=\"Dur\u00e9e de lecture estim\u00e9e\" \/>\n\t<meta name=\"twitter:data1\" content=\"1 minute\" \/>\n<script type=\"application\/ld+json\" class=\"yoast-schema-graph\">{\"@context\":\"https:\/\/schema.org\",\"@graph\":[{\"@type\":\"WebPage\",\"@id\":\"https:\/\/www.franckdespagne.com\/fr\/le-domaine-despagne-saint-emilion\/\",\"url\":\"https:\/\/www.franckdespagne.com\/fr\/le-domaine-despagne-saint-emilion\/\",\"name\":\"Le domaine - Franck Despagne - Montagne Saint-Emilion\",\"isPartOf\":{\"@id\":\"https:\/\/www.franckdespagne.com\/fr\/#website\"},\"primaryImageOfPage\":{\"@id\":\"https:\/\/www.franckdespagne.com\/fr\/le-domaine-despagne-saint-emilion\/#primaryimage\"},\"image\":{\"@id\":\"https:\/\/www.franckdespagne.com\/fr\/le-domaine-despagne-saint-emilion\/#primaryimage\"},\"thumbnailUrl\":\"https:\/\/www.franckdespagne.com\/wp-content\/uploads\/bkg_domaine2.jpg\",\"datePublished\":\"2014-09-25T07:47:38+00:00\",\"dateModified\":\"2014-10-31T09:55:35+00:00\",\"breadcrumb\":{\"@id\":\"https:\/\/www.franckdespagne.com\/fr\/le-domaine-despagne-saint-emilion\/#breadcrumb\"},\"inLanguage\":\"fr-FR\",\"potentialAction\":[{\"@type\":\"ReadAction\",\"target\":[\"https:\/\/www.franckdespagne.com\/fr\/le-domaine-despagne-saint-emilion\/\"]}]},{\"@type\":\"ImageObject\",\"inLanguage\":\"fr-FR\",\"@id\":\"https:\/\/www.franckdespagne.com\/fr\/le-domaine-despagne-saint-emilion\/#primaryimage\",\"url\":\"https:\/\/www.franckdespagne.com\/wp-content\/uploads\/bkg_domaine2.jpg\",\"contentUrl\":\"https:\/\/www.franckdespagne.com\/wp-content\/uploads\/bkg_domaine2.jpg\",\"width\":1000,\"height\":500},{\"@type\":\"BreadcrumbList\",\"@id\":\"https:\/\/www.franckdespagne.com\/fr\/le-domaine-despagne-saint-emilion\/#breadcrumb\",\"itemListElement\":[{\"@type\":\"ListItem\",\"position\":1,\"name\":\"Accueil\",\"item\":\"https:\/\/www.franckdespagne.com\/fr\/\"},{\"@type\":\"ListItem\",\"position\":2,\"name\":\"Le domaine\"}]},{\"@type\":\"WebSite\",\"@id\":\"https:\/\/www.franckdespagne.com\/fr\/#website\",\"url\":\"https:\/\/www.franckdespagne.com\/fr\/\",\"name\":\"Franck Despagne - Montagne Saint-Emilion\",\"description\":\"\",\"potentialAction\":[{\"@type\":\"SearchAction\",\"target\":{\"@type\":\"EntryPoint\",\"urlTemplate\":\"https:\/\/www.franckdespagne.com\/fr\/?s={search_term_string}\"},\"query-input\":{\"@type\":\"PropertyValueSpecification\",\"valueRequired\":true,\"valueName\":\"search_term_string\"}}],\"inLanguage\":\"fr-FR\"}]}<\/script>\n<!-- \/ Yoast SEO plugin. -->","yoast_head_json":{"title":"Le domaine - Franck Despagne - Montagne Saint-Emilion","robots":{"index":"index","follow":"follow","max-snippet":"max-snippet:-1","max-image-preview":"max-image-preview:large","max-video-preview":"max-video-preview:-1"},"canonical":"https:\/\/www.franckdespagne.com\/fr\/le-domaine-despagne-saint-emilion\/","og_locale":"fr_FR","og_type":"article","og_title":"Le domaine - Franck Despagne - Montagne Saint-Emilion","og_description":"Situ\u00e9s entre Pomerol \u00e0 l\u2019Ouest et Saint-Emilion au Sud, les vignobles Franck Despagne \u00e0 Montagne Saint-\u00c9milion s\u2019\u00e9tendent sur 25 hectares au c\u0153ur des terroirs les plus prestigieux du Libournais. Alain et Franck Despagne ont su faire de ce domaine une r\u00e9f\u00e9rence pour les amateurs de vins subtils au caract\u00e8re g\u00e9n\u00e9reux, ample et affirm\u00e9 ; en [&hellip;]","og_url":"https:\/\/www.franckdespagne.com\/fr\/le-domaine-despagne-saint-emilion\/","og_site_name":"Franck Despagne - Montagne Saint-Emilion","article_modified_time":"2014-10-31T09:55:35+00:00","og_image":[{"width":1000,"height":500,"url":"https:\/\/www.franckdespagne.com\/wp-content\/uploads\/bkg_domaine2.jpg","type":"image\/jpeg"}],"twitter_misc":{"Dur\u00e9e de lecture estim\u00e9e":"1 minute"},"schema":{"@context":"https:\/\/schema.org","@graph":[{"@type":"WebPage","@id":"https:\/\/www.franckdespagne.com\/fr\/le-domaine-despagne-saint-emilion\/","url":"https:\/\/www.franckdespagne.com\/fr\/le-domaine-despagne-saint-emilion\/","name":"Le domaine - Franck Despagne - Montagne Saint-Emilion","isPartOf":{"@id":"https:\/\/www.franckdespagne.com\/fr\/#website"},"primaryImageOfPage":{"@id":"https:\/\/www.franckdespagne.com\/fr\/le-domaine-despagne-saint-emilion\/#primaryimage"},"image":{"@id":"https:\/\/www.franckdespagne.com\/fr\/le-domaine-despagne-saint-emilion\/#primaryimage"},"thumbnailUrl":"https:\/\/www.franckdespagne.com\/wp-content\/uploads\/bkg_domaine2.jpg","datePublished":"2014-09-25T07:47:38+00:00","dateModified":"2014-10-31T09:55:35+00:00","breadcrumb":{"@id":"https:\/\/www.franckdespagne.com\/fr\/le-domaine-despagne-saint-emilion\/#breadcrumb"},"inLanguage":"fr-FR","potentialAction":[{"@type":"ReadAction","target":["https:\/\/www.franckdespagne.com\/fr\/le-domaine-despagne-saint-emilion\/"]}]},{"@type":"ImageObject","inLanguage":"fr-FR","@id":"https:\/\/www.franckdespagne.com\/fr\/le-domaine-despagne-saint-emilion\/#primaryimage","url":"https:\/\/www.franckdespagne.com\/wp-content\/uploads\/bkg_domaine2.jpg","contentUrl":"https:\/\/www.franckdespagne.com\/wp-content\/uploads\/bkg_domaine2.jpg","width":1000,"height":500},{"@type":"BreadcrumbList","@id":"https:\/\/www.franckdespagne.com\/fr\/le-domaine-despagne-saint-emilion\/#breadcrumb","itemListElement":[{"@type":"ListItem","position":1,"name":"Accueil","item":"https:\/\/www.franckdespagne.com\/fr\/"},{"@type":"ListItem","position":2,"name":"Le domaine"}]},{"@type":"WebSite","@id":"https:\/\/www.franckdespagne.com\/fr\/#website","url":"https:\/\/www.franckdespagne.com\/fr\/","name":"Franck Despagne - Montagne Saint-Emilion","description":"","potentialAction":[{"@type":"SearchAction","target":{"@type":"EntryPoint","urlTemplate":"https:\/\/www.franckdespagne.com\/fr\/?s={search_term_string}"},"query-input":{"@type":"PropertyValueSpecification","valueRequired":true,"valueName":"search_term_string"}}],"inLanguage":"fr-FR"}]}},"_links":{"self":[{"href":"https:\/\/www.franckdespagne.com\/fr\/wp-json\/wp\/v2\/pages\/2"}],"collection":[{"href":"https:\/\/www.franckdespagne.com\/fr\/wp-json\/wp\/v2\/pages"}],"about":[{"href":"https:\/\/www.franckdespagne.com\/fr\/wp-json\/wp\/v2\/types\/page"}],"author":[{"embeddable":true,"href":"https:\/\/www.franckdespagne.com\/fr\/wp-json\/wp\/v2\/users\/1"}],"replies":[{"embeddable":true,"href":"https:\/\/www.franckdespagne.com\/fr\/wp-json\/wp\/v2\/comments?post=2"}],"version-history":[{"count":19,"href":"https:\/\/www.franckdespagne.com\/fr\/wp-json\/wp\/v2\/pages\/2\/revisions"}],"predecessor-version":[{"id":452,"href":"https:\/\/www.franckdespagne.com\/fr\/wp-json\/wp\/v2\/pages\/2\/revisions\/452"}],"wp:featuredmedia":[{"embeddable":true,"href":"https:\/\/www.franckdespagne.com\/fr\/wp-json\/wp\/v2\/media\/349"}],"wp:attachment":[{"href":"https:\/\/www.franckdespagne.com\/fr\/wp-json\/wp\/v2\/media?parent=2"}],"curies":[{"name":"wp","href":"https:\/\/api.w.org\/{rel}","templated":true}]}}