{"id":12,"date":"2014-09-25T09:14:00","date_gmt":"2014-09-25T08:14:00","guid":{"rendered":"https:\/\/franckdespagne.com\/?page_id=12"},"modified":"2014-11-29T09:38:19","modified_gmt":"2014-11-29T08:38:19","slug":"histoire-du-domaine-saint-emilion","status":"publish","type":"page","link":"https:\/\/www.franckdespagne.com\/fr\/histoire-du-domaine-saint-emilion\/","title":{"rendered":"Un peu d&rsquo;histoire"},"content":{"rendered":"<p><em>On retrouve un Pierre DESPAGNE laboureur \u00e0 boeufs en 1699 \u00e0 Saint-Sulpice de Faleyrens soit \u00e0 10 kilom\u00e8tres de la propri\u00e9t\u00e9 actuelle\u2026<\/em><\/p>\n<p>Alain DESPAGNE s\u2019installe en 1964 sur six hectares et demi dont trois sont en tr\u00e8s mauvais \u00e9tat. Un important travail de r\u00e9novation et de replantation du vignoble est alors entrepris.<br \/>\nEn 1972, Alain ach\u00e8te 6 hectares de vignes \u00e0 Montagne et c&rsquo;est en 1986 que son fils Franck DESPAGNE rejoint l\u2019exploitation. Commence alors une nouvelle histoire avec de nouvelles perspectives&#8230;<\/p>\n<p>Franck prend 6 hectares de Bordeaux sup\u00e9rieur en fermage (Ch\u00e2teau Lapourcaud Bellevue), puis, en 1988, 5 hectares de vignes en Lussac Saint-Emilion (Ch\u00e2teau Jamard Belcour).<br \/>\nEn 1992, Alain et Franck cr\u00e9ent la SCEV DESPAGNE &amp; FILS.<br \/>\nIls acqui\u00e8rent en 1999 les 6 hectares du Ch\u00e2teau Lapourcaud Bellevue.<br \/>\nL\u2019ouverture des march\u00e9s \u00e0 l\u2019export marquera les ann\u00e9es 2000. S\u2019en suivra l\u2019achat de quelques parcelles pour arriver aujourd\u2019hui \u00e0 une superficie totale de 25 hectares.<\/p>\n","protected":false},"excerpt":{"rendered":"<p>On retrouve un Pierre DESPAGNE laboureur \u00e0 boeufs en 1699 \u00e0 Saint-Sulpice de Faleyrens soit \u00e0 10 kilom\u00e8tres de la propri\u00e9t\u00e9 actuelle\u2026 Alain DESPAGNE s\u2019installe en 1964 sur six hectares et demi dont trois sont en tr\u00e8s mauvais \u00e9tat. Un important travail de r\u00e9novation et de replantation du vignoble est alors entrepris. En 1972, Alain [&hellip;]<\/p>\n","protected":false},"author":1,"featured_media":340,"parent":0,"menu_order":0,"comment_status":"open","ping_status":"open","template":"","meta":{"footnotes":""},"yoast_head":"<!-- This site is optimized with the Yoast SEO plugin v24.4 - https:\/\/yoast.com\/wordpress\/plugins\/seo\/ -->\n<title>Un peu d&#039;histoire - Franck Despagne - Montagne Saint-Emilion<\/title>\n<meta name=\"robots\" content=\"index, follow, max-snippet:-1, max-image-preview:large, max-video-preview:-1\" \/>\n<link rel=\"canonical\" href=\"https:\/\/www.franckdespagne.com\/fr\/histoire-du-domaine-saint-emilion\/\" \/>\n<meta property=\"og:locale\" content=\"fr_FR\" \/>\n<meta property=\"og:type\" content=\"article\" \/>\n<meta property=\"og:title\" content=\"Un peu d&#039;histoire - Franck Despagne - Montagne Saint-Emilion\" \/>\n<meta property=\"og:description\" content=\"On retrouve un Pierre DESPAGNE laboureur \u00e0 boeufs en 1699 \u00e0 Saint-Sulpice de Faleyrens soit \u00e0 10 kilom\u00e8tres de la propri\u00e9t\u00e9 actuelle\u2026 Alain DESPAGNE s\u2019installe en 1964 sur six hectares et demi dont trois sont en tr\u00e8s mauvais \u00e9tat. Un important travail de r\u00e9novation et de replantation du vignoble est alors entrepris. En 1972, Alain [&hellip;]\" \/>\n<meta property=\"og:url\" content=\"https:\/\/www.franckdespagne.com\/fr\/histoire-du-domaine-saint-emilion\/\" \/>\n<meta property=\"og:site_name\" content=\"Franck Despagne - Montagne Saint-Emilion\" \/>\n<meta property=\"article:modified_time\" content=\"2014-11-29T08:38:19+00:00\" \/>\n<meta property=\"og:image\" content=\"https:\/\/www.franckdespagne.com\/wp-content\/uploads\/bkg_saint_emilion.jpg\" \/>\n\t<meta property=\"og:image:width\" content=\"1000\" \/>\n\t<meta property=\"og:image:height\" content=\"500\" \/>\n\t<meta property=\"og:image:type\" content=\"image\/jpeg\" \/>\n<meta name=\"twitter:label1\" content=\"Dur\u00e9e de lecture estim\u00e9e\" \/>\n\t<meta name=\"twitter:data1\" content=\"1 minute\" \/>\n<script type=\"application\/ld+json\" class=\"yoast-schema-graph\">{\"@context\":\"https:\/\/schema.org\",\"@graph\":[{\"@type\":\"WebPage\",\"@id\":\"https:\/\/www.franckdespagne.com\/fr\/histoire-du-domaine-saint-emilion\/\",\"url\":\"https:\/\/www.franckdespagne.com\/fr\/histoire-du-domaine-saint-emilion\/\",\"name\":\"Un peu d'histoire - Franck Despagne - Montagne Saint-Emilion\",\"isPartOf\":{\"@id\":\"https:\/\/www.franckdespagne.com\/fr\/#website\"},\"primaryImageOfPage\":{\"@id\":\"https:\/\/www.franckdespagne.com\/fr\/histoire-du-domaine-saint-emilion\/#primaryimage\"},\"image\":{\"@id\":\"https:\/\/www.franckdespagne.com\/fr\/histoire-du-domaine-saint-emilion\/#primaryimage\"},\"thumbnailUrl\":\"https:\/\/www.franckdespagne.com\/wp-content\/uploads\/bkg_saint_emilion.jpg\",\"datePublished\":\"2014-09-25T08:14:00+00:00\",\"dateModified\":\"2014-11-29T08:38:19+00:00\",\"breadcrumb\":{\"@id\":\"https:\/\/www.franckdespagne.com\/fr\/histoire-du-domaine-saint-emilion\/#breadcrumb\"},\"inLanguage\":\"fr-FR\",\"potentialAction\":[{\"@type\":\"ReadAction\",\"target\":[\"https:\/\/www.franckdespagne.com\/fr\/histoire-du-domaine-saint-emilion\/\"]}]},{\"@type\":\"ImageObject\",\"inLanguage\":\"fr-FR\",\"@id\":\"https:\/\/www.franckdespagne.com\/fr\/histoire-du-domaine-saint-emilion\/#primaryimage\",\"url\":\"https:\/\/www.franckdespagne.com\/wp-content\/uploads\/bkg_saint_emilion.jpg\",\"contentUrl\":\"https:\/\/www.franckdespagne.com\/wp-content\/uploads\/bkg_saint_emilion.jpg\",\"width\":1000,\"height\":500},{\"@type\":\"BreadcrumbList\",\"@id\":\"https:\/\/www.franckdespagne.com\/fr\/histoire-du-domaine-saint-emilion\/#breadcrumb\",\"itemListElement\":[{\"@type\":\"ListItem\",\"position\":1,\"name\":\"Accueil\",\"item\":\"https:\/\/www.franckdespagne.com\/fr\/\"},{\"@type\":\"ListItem\",\"position\":2,\"name\":\"Un peu d&rsquo;histoire\"}]},{\"@type\":\"WebSite\",\"@id\":\"https:\/\/www.franckdespagne.com\/fr\/#website\",\"url\":\"https:\/\/www.franckdespagne.com\/fr\/\",\"name\":\"Franck Despagne - Montagne Saint-Emilion\",\"description\":\"\",\"potentialAction\":[{\"@type\":\"SearchAction\",\"target\":{\"@type\":\"EntryPoint\",\"urlTemplate\":\"https:\/\/www.franckdespagne.com\/fr\/?s={search_term_string}\"},\"query-input\":{\"@type\":\"PropertyValueSpecification\",\"valueRequired\":true,\"valueName\":\"search_term_string\"}}],\"inLanguage\":\"fr-FR\"}]}<\/script>\n<!-- \/ Yoast SEO plugin. -->","yoast_head_json":{"title":"Un peu d'histoire - Franck Despagne - Montagne Saint-Emilion","robots":{"index":"index","follow":"follow","max-snippet":"max-snippet:-1","max-image-preview":"max-image-preview:large","max-video-preview":"max-video-preview:-1"},"canonical":"https:\/\/www.franckdespagne.com\/fr\/histoire-du-domaine-saint-emilion\/","og_locale":"fr_FR","og_type":"article","og_title":"Un peu d'histoire - Franck Despagne - Montagne Saint-Emilion","og_description":"On retrouve un Pierre DESPAGNE laboureur \u00e0 boeufs en 1699 \u00e0 Saint-Sulpice de Faleyrens soit \u00e0 10 kilom\u00e8tres de la propri\u00e9t\u00e9 actuelle\u2026 Alain DESPAGNE s\u2019installe en 1964 sur six hectares et demi dont trois sont en tr\u00e8s mauvais \u00e9tat. Un important travail de r\u00e9novation et de replantation du vignoble est alors entrepris. En 1972, Alain [&hellip;]","og_url":"https:\/\/www.franckdespagne.com\/fr\/histoire-du-domaine-saint-emilion\/","og_site_name":"Franck Despagne - Montagne Saint-Emilion","article_modified_time":"2014-11-29T08:38:19+00:00","og_image":[{"width":1000,"height":500,"url":"https:\/\/www.franckdespagne.com\/wp-content\/uploads\/bkg_saint_emilion.jpg","type":"image\/jpeg"}],"twitter_misc":{"Dur\u00e9e de lecture estim\u00e9e":"1 minute"},"schema":{"@context":"https:\/\/schema.org","@graph":[{"@type":"WebPage","@id":"https:\/\/www.franckdespagne.com\/fr\/histoire-du-domaine-saint-emilion\/","url":"https:\/\/www.franckdespagne.com\/fr\/histoire-du-domaine-saint-emilion\/","name":"Un peu d'histoire - Franck Despagne - Montagne Saint-Emilion","isPartOf":{"@id":"https:\/\/www.franckdespagne.com\/fr\/#website"},"primaryImageOfPage":{"@id":"https:\/\/www.franckdespagne.com\/fr\/histoire-du-domaine-saint-emilion\/#primaryimage"},"image":{"@id":"https:\/\/www.franckdespagne.com\/fr\/histoire-du-domaine-saint-emilion\/#primaryimage"},"thumbnailUrl":"https:\/\/www.franckdespagne.com\/wp-content\/uploads\/bkg_saint_emilion.jpg","datePublished":"2014-09-25T08:14:00+00:00","dateModified":"2014-11-29T08:38:19+00:00","breadcrumb":{"@id":"https:\/\/www.franckdespagne.com\/fr\/histoire-du-domaine-saint-emilion\/#breadcrumb"},"inLanguage":"fr-FR","potentialAction":[{"@type":"ReadAction","target":["https:\/\/www.franckdespagne.com\/fr\/histoire-du-domaine-saint-emilion\/"]}]},{"@type":"ImageObject","inLanguage":"fr-FR","@id":"https:\/\/www.franckdespagne.com\/fr\/histoire-du-domaine-saint-emilion\/#primaryimage","url":"https:\/\/www.franckdespagne.com\/wp-content\/uploads\/bkg_saint_emilion.jpg","contentUrl":"https:\/\/www.franckdespagne.com\/wp-content\/uploads\/bkg_saint_emilion.jpg","width":1000,"height":500},{"@type":"BreadcrumbList","@id":"https:\/\/www.franckdespagne.com\/fr\/histoire-du-domaine-saint-emilion\/#breadcrumb","itemListElement":[{"@type":"ListItem","position":1,"name":"Accueil","item":"https:\/\/www.franckdespagne.com\/fr\/"},{"@type":"ListItem","position":2,"name":"Un peu d&rsquo;histoire"}]},{"@type":"WebSite","@id":"https:\/\/www.franckdespagne.com\/fr\/#website","url":"https:\/\/www.franckdespagne.com\/fr\/","name":"Franck Despagne - Montagne Saint-Emilion","description":"","potentialAction":[{"@type":"SearchAction","target":{"@type":"EntryPoint","urlTemplate":"https:\/\/www.franckdespagne.com\/fr\/?s={search_term_string}"},"query-input":{"@type":"PropertyValueSpecification","valueRequired":true,"valueName":"search_term_string"}}],"inLanguage":"fr-FR"}]}},"_links":{"self":[{"href":"https:\/\/www.franckdespagne.com\/fr\/wp-json\/wp\/v2\/pages\/12"}],"collection":[{"href":"https:\/\/www.franckdespagne.com\/fr\/wp-json\/wp\/v2\/pages"}],"about":[{"href":"https:\/\/www.franckdespagne.com\/fr\/wp-json\/wp\/v2\/types\/page"}],"author":[{"embeddable":true,"href":"https:\/\/www.franckdespagne.com\/fr\/wp-json\/wp\/v2\/users\/1"}],"replies":[{"embeddable":true,"href":"https:\/\/www.franckdespagne.com\/fr\/wp-json\/wp\/v2\/comments?post=12"}],"version-history":[{"count":11,"href":"https:\/\/www.franckdespagne.com\/fr\/wp-json\/wp\/v2\/pages\/12\/revisions"}],"predecessor-version":[{"id":269,"href":"https:\/\/www.franckdespagne.com\/fr\/wp-json\/wp\/v2\/pages\/12\/revisions\/269"}],"wp:featuredmedia":[{"embeddable":true,"href":"https:\/\/www.franckdespagne.com\/fr\/wp-json\/wp\/v2\/media\/340"}],"wp:attachment":[{"href":"https:\/\/www.franckdespagne.com\/fr\/wp-json\/wp\/v2\/media?parent=12"}],"curies":[{"name":"wp","href":"https:\/\/api.w.org\/{rel}","templated":true}]}}