{"id":258,"date":"2014-10-02T09:24:31","date_gmt":"2014-10-02T08:24:31","guid":{"rendered":"https:\/\/www.franckdespagne.com\/?page_id=258"},"modified":"2025-09-30T08:57:32","modified_gmt":"2025-09-30T07:57:32","slug":"prices-saint-emilion","status":"publish","type":"page","link":"https:\/\/www.franckdespagne.com\/en\/prices-saint-emilion\/","title":{"rendered":"Prices"},"content":{"rendered":"<p>Please find our prices in the brochure below.<\/p>\n<p>Prices for cellar door:<br \/>\n<a title=\"Tarifs Vente \u00e0 la propri\u00e9t\u00e9\" href=\"https:\/\/www.franckdespagne.com\/wp-content\/uploads\/Tarifs-Despagne-Depart-Propriete-2025-2026.pdf\" target=\"_blank\" rel=\"noopener noreferrer\">Download the brochure <strong>Prices 2025-2026<\/strong><\/a> (PDF in French)<\/p>\n<p>Prices for mail order:<br \/>\n<a title=\"Tarifs Vente \u00e0 la propri\u00e9t\u00e9\" href=\"https:\/\/www.franckdespagne.com\/wp-content\/uploads\/Tarifs-Despagne-VPC-2025-2026.pdf\" target=\"_blank\" rel=\"noopener noreferrer\">Download the brochure <strong>Prices 2025-2026<\/strong><\/a> (PDF in French)<\/p>\n<p>Our wines are dispatched via a specialized courier that provides optimal conditions for transport.<\/p>\n","protected":false},"excerpt":{"rendered":"<p>Please find our prices in the brochure below. Prices for cellar door: Download the brochure Prices 2025-2026 (PDF in French) Prices for mail order: Download the brochure Prices 2025-2026 (PDF in French) Our wines are dispatched via a specialized courier that provides optimal conditions for transport.<\/p>\n","protected":false},"author":1,"featured_media":475,"parent":0,"menu_order":0,"comment_status":"closed","ping_status":"open","template":"","meta":{"footnotes":""},"yoast_head":"<!-- This site is optimized with the Yoast SEO plugin v24.4 - https:\/\/yoast.com\/wordpress\/plugins\/seo\/ -->\n<title>Prices - Franck Despagne - Montagne Saint-Emilion<\/title>\n<meta name=\"robots\" content=\"index, follow, max-snippet:-1, max-image-preview:large, max-video-preview:-1\" \/>\n<link rel=\"canonical\" href=\"https:\/\/www.franckdespagne.com\/en\/prices-saint-emilion\/\" \/>\n<meta property=\"og:locale\" content=\"en_US\" \/>\n<meta property=\"og:type\" content=\"article\" \/>\n<meta property=\"og:title\" content=\"Prices - Franck Despagne - Montagne Saint-Emilion\" \/>\n<meta property=\"og:description\" content=\"Please find our prices in the brochure below. Prices for cellar door: Download the brochure Prices 2025-2026 (PDF in French) Prices for mail order: Download the brochure Prices 2025-2026 (PDF in French) Our wines are dispatched via a specialized courier that provides optimal conditions for transport.\" \/>\n<meta property=\"og:url\" content=\"https:\/\/www.franckdespagne.com\/en\/prices-saint-emilion\/\" \/>\n<meta property=\"og:site_name\" content=\"Franck Despagne - Montagne Saint-Emilion\" \/>\n<meta property=\"article:modified_time\" content=\"2025-09-30T07:57:32+00:00\" \/>\n<meta property=\"og:image\" content=\"https:\/\/www.franckdespagne.com\/wp-content\/uploads\/bkg_domaine2.jpg\" \/>\n\t<meta property=\"og:image:width\" content=\"1000\" \/>\n\t<meta property=\"og:image:height\" content=\"500\" \/>\n\t<meta property=\"og:image:type\" content=\"image\/jpeg\" \/>\n<meta name=\"twitter:label1\" content=\"Est. reading time\" \/>\n\t<meta name=\"twitter:data1\" content=\"1 minute\" \/>\n<script type=\"application\/ld+json\" class=\"yoast-schema-graph\">{\"@context\":\"https:\/\/schema.org\",\"@graph\":[{\"@type\":\"WebPage\",\"@id\":\"https:\/\/www.franckdespagne.com\/en\/prices-saint-emilion\/\",\"url\":\"https:\/\/www.franckdespagne.com\/en\/prices-saint-emilion\/\",\"name\":\"Prices - Franck Despagne - Montagne Saint-Emilion\",\"isPartOf\":{\"@id\":\"https:\/\/www.franckdespagne.com\/fr\/#website\"},\"primaryImageOfPage\":{\"@id\":\"https:\/\/www.franckdespagne.com\/en\/prices-saint-emilion\/#primaryimage\"},\"image\":{\"@id\":\"https:\/\/www.franckdespagne.com\/en\/prices-saint-emilion\/#primaryimage\"},\"thumbnailUrl\":\"https:\/\/www.franckdespagne.com\/wp-content\/uploads\/bkg_domaine2.jpg\",\"datePublished\":\"2014-10-02T08:24:31+00:00\",\"dateModified\":\"2025-09-30T07:57:32+00:00\",\"breadcrumb\":{\"@id\":\"https:\/\/www.franckdespagne.com\/en\/prices-saint-emilion\/#breadcrumb\"},\"inLanguage\":\"en-US\",\"potentialAction\":[{\"@type\":\"ReadAction\",\"target\":[\"https:\/\/www.franckdespagne.com\/en\/prices-saint-emilion\/\"]}]},{\"@type\":\"ImageObject\",\"inLanguage\":\"en-US\",\"@id\":\"https:\/\/www.franckdespagne.com\/en\/prices-saint-emilion\/#primaryimage\",\"url\":\"https:\/\/www.franckdespagne.com\/wp-content\/uploads\/bkg_domaine2.jpg\",\"contentUrl\":\"https:\/\/www.franckdespagne.com\/wp-content\/uploads\/bkg_domaine2.jpg\",\"width\":1000,\"height\":500},{\"@type\":\"BreadcrumbList\",\"@id\":\"https:\/\/www.franckdespagne.com\/en\/prices-saint-emilion\/#breadcrumb\",\"itemListElement\":[{\"@type\":\"ListItem\",\"position\":1,\"name\":\"Accueil\",\"item\":\"https:\/\/www.franckdespagne.com\/fr\/\"},{\"@type\":\"ListItem\",\"position\":2,\"name\":\"Prices\"}]},{\"@type\":\"WebSite\",\"@id\":\"https:\/\/www.franckdespagne.com\/fr\/#website\",\"url\":\"https:\/\/www.franckdespagne.com\/fr\/\",\"name\":\"Franck Despagne - Montagne Saint-Emilion\",\"description\":\"\",\"potentialAction\":[{\"@type\":\"SearchAction\",\"target\":{\"@type\":\"EntryPoint\",\"urlTemplate\":\"https:\/\/www.franckdespagne.com\/fr\/?s={search_term_string}\"},\"query-input\":{\"@type\":\"PropertyValueSpecification\",\"valueRequired\":true,\"valueName\":\"search_term_string\"}}],\"inLanguage\":\"en-US\"}]}<\/script>\n<!-- \/ Yoast SEO plugin. -->","yoast_head_json":{"title":"Prices - Franck Despagne - Montagne Saint-Emilion","robots":{"index":"index","follow":"follow","max-snippet":"max-snippet:-1","max-image-preview":"max-image-preview:large","max-video-preview":"max-video-preview:-1"},"canonical":"https:\/\/www.franckdespagne.com\/en\/prices-saint-emilion\/","og_locale":"en_US","og_type":"article","og_title":"Prices - Franck Despagne - Montagne Saint-Emilion","og_description":"Please find our prices in the brochure below. Prices for cellar door: Download the brochure Prices 2025-2026 (PDF in French) Prices for mail order: Download the brochure Prices 2025-2026 (PDF in French) Our wines are dispatched via a specialized courier that provides optimal conditions for transport.","og_url":"https:\/\/www.franckdespagne.com\/en\/prices-saint-emilion\/","og_site_name":"Franck Despagne - Montagne Saint-Emilion","article_modified_time":"2025-09-30T07:57:32+00:00","og_image":[{"width":1000,"height":500,"url":"https:\/\/www.franckdespagne.com\/wp-content\/uploads\/bkg_domaine2.jpg","type":"image\/jpeg"}],"twitter_misc":{"Est. reading time":"1 minute"},"schema":{"@context":"https:\/\/schema.org","@graph":[{"@type":"WebPage","@id":"https:\/\/www.franckdespagne.com\/en\/prices-saint-emilion\/","url":"https:\/\/www.franckdespagne.com\/en\/prices-saint-emilion\/","name":"Prices - Franck Despagne - Montagne Saint-Emilion","isPartOf":{"@id":"https:\/\/www.franckdespagne.com\/fr\/#website"},"primaryImageOfPage":{"@id":"https:\/\/www.franckdespagne.com\/en\/prices-saint-emilion\/#primaryimage"},"image":{"@id":"https:\/\/www.franckdespagne.com\/en\/prices-saint-emilion\/#primaryimage"},"thumbnailUrl":"https:\/\/www.franckdespagne.com\/wp-content\/uploads\/bkg_domaine2.jpg","datePublished":"2014-10-02T08:24:31+00:00","dateModified":"2025-09-30T07:57:32+00:00","breadcrumb":{"@id":"https:\/\/www.franckdespagne.com\/en\/prices-saint-emilion\/#breadcrumb"},"inLanguage":"en-US","potentialAction":[{"@type":"ReadAction","target":["https:\/\/www.franckdespagne.com\/en\/prices-saint-emilion\/"]}]},{"@type":"ImageObject","inLanguage":"en-US","@id":"https:\/\/www.franckdespagne.com\/en\/prices-saint-emilion\/#primaryimage","url":"https:\/\/www.franckdespagne.com\/wp-content\/uploads\/bkg_domaine2.jpg","contentUrl":"https:\/\/www.franckdespagne.com\/wp-content\/uploads\/bkg_domaine2.jpg","width":1000,"height":500},{"@type":"BreadcrumbList","@id":"https:\/\/www.franckdespagne.com\/en\/prices-saint-emilion\/#breadcrumb","itemListElement":[{"@type":"ListItem","position":1,"name":"Accueil","item":"https:\/\/www.franckdespagne.com\/fr\/"},{"@type":"ListItem","position":2,"name":"Prices"}]},{"@type":"WebSite","@id":"https:\/\/www.franckdespagne.com\/fr\/#website","url":"https:\/\/www.franckdespagne.com\/fr\/","name":"Franck Despagne - Montagne Saint-Emilion","description":"","potentialAction":[{"@type":"SearchAction","target":{"@type":"EntryPoint","urlTemplate":"https:\/\/www.franckdespagne.com\/fr\/?s={search_term_string}"},"query-input":{"@type":"PropertyValueSpecification","valueRequired":true,"valueName":"search_term_string"}}],"inLanguage":"en-US"}]}},"_links":{"self":[{"href":"https:\/\/www.franckdespagne.com\/en\/wp-json\/wp\/v2\/pages\/258"}],"collection":[{"href":"https:\/\/www.franckdespagne.com\/en\/wp-json\/wp\/v2\/pages"}],"about":[{"href":"https:\/\/www.franckdespagne.com\/en\/wp-json\/wp\/v2\/types\/page"}],"author":[{"embeddable":true,"href":"https:\/\/www.franckdespagne.com\/en\/wp-json\/wp\/v2\/users\/1"}],"replies":[{"embeddable":true,"href":"https:\/\/www.franckdespagne.com\/en\/wp-json\/wp\/v2\/comments?post=258"}],"version-history":[{"count":22,"href":"https:\/\/www.franckdespagne.com\/en\/wp-json\/wp\/v2\/pages\/258\/revisions"}],"predecessor-version":[{"id":1196,"href":"https:\/\/www.franckdespagne.com\/en\/wp-json\/wp\/v2\/pages\/258\/revisions\/1196"}],"wp:featuredmedia":[{"embeddable":true,"href":"https:\/\/www.franckdespagne.com\/en\/wp-json\/wp\/v2\/media\/475"}],"wp:attachment":[{"href":"https:\/\/www.franckdespagne.com\/en\/wp-json\/wp\/v2\/media?parent=258"}],"curies":[{"name":"wp","href":"https:\/\/api.w.org\/{rel}","templated":true}]}}