{"id":144,"date":"2014-09-25T09:18:14","date_gmt":"2014-09-25T08:18:14","guid":{"rendered":"https:\/\/www.franckdespagne.com\/?page_id=144"},"modified":"2020-11-19T17:34:38","modified_gmt":"2020-11-19T16:34:38","slug":"our-wines-montagne-saint-emilion","status":"publish","type":"page","link":"https:\/\/www.franckdespagne.com\/en\/our-wines-montagne-saint-emilion\/","title":{"rendered":"Our wines"},"content":{"rendered":"<p>Franck Despagne Vineyards gather six wines with firm, lively, intense and powerful character:<\/p>\n<p><a title=\"L\u2019Envie\" href=\"https:\/\/www.franckdespagne.com\/en\/lenvie-montagne-saint-emilion\/\"><strong>L&#8217;Envie<\/strong><\/a><br \/>\nMontagne Saint-Emilion<\/p>\n<p><a title=\"Ch\u00e2teau Vieux Bonneau\" href=\"https:\/\/www.franckdespagne.com\/en\/chateau-vieux-bonneau-montagne-saint-emilion\/\"><strong>Chateau Vieux Bonneau<\/strong><\/a><br \/>\nMontagne Saint-Emilion<\/p>\n<p><a title=\"L'Hote Antique amphora\" href=\"https:\/\/www.franckdespagne.com\/en\/hote-antique-amphora-montagne-saint-emilion-bordeaux\/\/\"><strong>L&#8217;H\u00f4te Antique<\/strong><\/a><br \/>\nMontagne Saint-Emilion &#8211; Aged in amphora<\/p>\n<p><a title=\"Ch\u00e2teau Jamard Belcour\" href=\"https:\/\/www.franckdespagne.com\/en\/chateau-jamard-belcour-lussac-saint-emilion\/\"><strong>Ch\u00e2teau Jamard Belcour<\/strong><\/a><br \/>\nLussac Saint-Emilion<\/p>\n<p><a title=\"Ch\u00e2teau Lapourcaud Bellevue\" href=\"https:\/\/www.franckdespagne.com\/en\/chateau-despagne-bellevue-bordeaux\/\"><strong>Ch\u00e2teau Despagne Bellevue<\/strong><\/a><br \/>\nBordeaux sup\u00e9rieur<\/p>\n<p><a title=\"Ante\u00efs\" href=\"https:\/\/www.franckdespagne.com\/en\/anteis-bordeaux-pink-wine\/\"><strong>Ante\u00efs<\/strong><\/a><br \/>\nBordeaux ros\u00e9<\/p>\n","protected":false},"excerpt":{"rendered":"<p>Franck Despagne Vineyards gather six wines with firm, lively, intense and powerful character: L&#8217;Envie Montagne Saint-Emilion Chateau Vieux Bonneau Montagne Saint-Emilion L&#8217;H\u00f4te Antique Montagne Saint-Emilion &#8211; Aged in amphora Ch\u00e2teau Jamard Belcour Lussac Saint-Emilion Ch\u00e2teau Despagne Bellevue Bordeaux sup\u00e9rieur Ante\u00efs Bordeaux ros\u00e9<\/p>\n","protected":false},"author":1,"featured_media":472,"parent":0,"menu_order":0,"comment_status":"open","ping_status":"open","template":"","meta":{"footnotes":""},"yoast_head":"<!-- This site is optimized with the Yoast SEO plugin v24.4 - https:\/\/yoast.com\/wordpress\/plugins\/seo\/ -->\n<title>Our wines - Franck Despagne - Montagne Saint-Emilion<\/title>\n<meta name=\"description\" content=\"Franck Despagne Vineyards gather five wines with firm, lively, intense and powerful character\" \/>\n<meta name=\"robots\" content=\"index, follow, max-snippet:-1, max-image-preview:large, max-video-preview:-1\" \/>\n<link rel=\"canonical\" href=\"https:\/\/www.franckdespagne.com\/en\/our-wines-montagne-saint-emilion\/\" \/>\n<meta property=\"og:locale\" content=\"en_US\" \/>\n<meta property=\"og:type\" content=\"article\" \/>\n<meta property=\"og:title\" content=\"Our wines - Franck Despagne - Montagne Saint-Emilion\" \/>\n<meta property=\"og:description\" content=\"Franck Despagne Vineyards gather five wines with firm, lively, intense and powerful character\" \/>\n<meta property=\"og:url\" content=\"https:\/\/www.franckdespagne.com\/en\/our-wines-montagne-saint-emilion\/\" \/>\n<meta property=\"og:site_name\" content=\"Franck Despagne - Montagne Saint-Emilion\" \/>\n<meta property=\"article:modified_time\" content=\"2020-11-19T16:34:38+00:00\" \/>\n<meta property=\"og:image\" content=\"https:\/\/www.franckdespagne.com\/wp-content\/uploads\/bkg_vins.jpg\" \/>\n\t<meta property=\"og:image:width\" content=\"1000\" \/>\n\t<meta property=\"og:image:height\" content=\"500\" \/>\n\t<meta property=\"og:image:type\" content=\"image\/jpeg\" \/>\n<script type=\"application\/ld+json\" class=\"yoast-schema-graph\">{\"@context\":\"https:\/\/schema.org\",\"@graph\":[{\"@type\":\"WebPage\",\"@id\":\"https:\/\/www.franckdespagne.com\/en\/our-wines-montagne-saint-emilion\/\",\"url\":\"https:\/\/www.franckdespagne.com\/en\/our-wines-montagne-saint-emilion\/\",\"name\":\"Our wines - Franck Despagne - Montagne Saint-Emilion\",\"isPartOf\":{\"@id\":\"https:\/\/www.franckdespagne.com\/fr\/#website\"},\"primaryImageOfPage\":{\"@id\":\"https:\/\/www.franckdespagne.com\/en\/our-wines-montagne-saint-emilion\/#primaryimage\"},\"image\":{\"@id\":\"https:\/\/www.franckdespagne.com\/en\/our-wines-montagne-saint-emilion\/#primaryimage\"},\"thumbnailUrl\":\"https:\/\/www.franckdespagne.com\/wp-content\/uploads\/bkg_vins.jpg\",\"datePublished\":\"2014-09-25T08:18:14+00:00\",\"dateModified\":\"2020-11-19T16:34:38+00:00\",\"description\":\"Franck Despagne Vineyards gather five wines with firm, lively, intense and powerful character\",\"breadcrumb\":{\"@id\":\"https:\/\/www.franckdespagne.com\/en\/our-wines-montagne-saint-emilion\/#breadcrumb\"},\"inLanguage\":\"en-US\",\"potentialAction\":[{\"@type\":\"ReadAction\",\"target\":[\"https:\/\/www.franckdespagne.com\/en\/our-wines-montagne-saint-emilion\/\"]}]},{\"@type\":\"ImageObject\",\"inLanguage\":\"en-US\",\"@id\":\"https:\/\/www.franckdespagne.com\/en\/our-wines-montagne-saint-emilion\/#primaryimage\",\"url\":\"https:\/\/www.franckdespagne.com\/wp-content\/uploads\/bkg_vins.jpg\",\"contentUrl\":\"https:\/\/www.franckdespagne.com\/wp-content\/uploads\/bkg_vins.jpg\",\"width\":1000,\"height\":500},{\"@type\":\"BreadcrumbList\",\"@id\":\"https:\/\/www.franckdespagne.com\/en\/our-wines-montagne-saint-emilion\/#breadcrumb\",\"itemListElement\":[{\"@type\":\"ListItem\",\"position\":1,\"name\":\"Accueil\",\"item\":\"https:\/\/www.franckdespagne.com\/fr\/\"},{\"@type\":\"ListItem\",\"position\":2,\"name\":\"Our wines\"}]},{\"@type\":\"WebSite\",\"@id\":\"https:\/\/www.franckdespagne.com\/fr\/#website\",\"url\":\"https:\/\/www.franckdespagne.com\/fr\/\",\"name\":\"Franck Despagne - Montagne Saint-Emilion\",\"description\":\"\",\"potentialAction\":[{\"@type\":\"SearchAction\",\"target\":{\"@type\":\"EntryPoint\",\"urlTemplate\":\"https:\/\/www.franckdespagne.com\/fr\/?s={search_term_string}\"},\"query-input\":{\"@type\":\"PropertyValueSpecification\",\"valueRequired\":true,\"valueName\":\"search_term_string\"}}],\"inLanguage\":\"en-US\"}]}<\/script>\n<!-- \/ Yoast SEO plugin. -->","yoast_head_json":{"title":"Our wines - Franck Despagne - Montagne Saint-Emilion","description":"Franck Despagne Vineyards gather five wines with firm, lively, intense and powerful character","robots":{"index":"index","follow":"follow","max-snippet":"max-snippet:-1","max-image-preview":"max-image-preview:large","max-video-preview":"max-video-preview:-1"},"canonical":"https:\/\/www.franckdespagne.com\/en\/our-wines-montagne-saint-emilion\/","og_locale":"en_US","og_type":"article","og_title":"Our wines - Franck Despagne - Montagne Saint-Emilion","og_description":"Franck Despagne Vineyards gather five wines with firm, lively, intense and powerful character","og_url":"https:\/\/www.franckdespagne.com\/en\/our-wines-montagne-saint-emilion\/","og_site_name":"Franck Despagne - Montagne Saint-Emilion","article_modified_time":"2020-11-19T16:34:38+00:00","og_image":[{"width":1000,"height":500,"url":"https:\/\/www.franckdespagne.com\/wp-content\/uploads\/bkg_vins.jpg","type":"image\/jpeg"}],"schema":{"@context":"https:\/\/schema.org","@graph":[{"@type":"WebPage","@id":"https:\/\/www.franckdespagne.com\/en\/our-wines-montagne-saint-emilion\/","url":"https:\/\/www.franckdespagne.com\/en\/our-wines-montagne-saint-emilion\/","name":"Our wines - Franck Despagne - Montagne Saint-Emilion","isPartOf":{"@id":"https:\/\/www.franckdespagne.com\/fr\/#website"},"primaryImageOfPage":{"@id":"https:\/\/www.franckdespagne.com\/en\/our-wines-montagne-saint-emilion\/#primaryimage"},"image":{"@id":"https:\/\/www.franckdespagne.com\/en\/our-wines-montagne-saint-emilion\/#primaryimage"},"thumbnailUrl":"https:\/\/www.franckdespagne.com\/wp-content\/uploads\/bkg_vins.jpg","datePublished":"2014-09-25T08:18:14+00:00","dateModified":"2020-11-19T16:34:38+00:00","description":"Franck Despagne Vineyards gather five wines with firm, lively, intense and powerful character","breadcrumb":{"@id":"https:\/\/www.franckdespagne.com\/en\/our-wines-montagne-saint-emilion\/#breadcrumb"},"inLanguage":"en-US","potentialAction":[{"@type":"ReadAction","target":["https:\/\/www.franckdespagne.com\/en\/our-wines-montagne-saint-emilion\/"]}]},{"@type":"ImageObject","inLanguage":"en-US","@id":"https:\/\/www.franckdespagne.com\/en\/our-wines-montagne-saint-emilion\/#primaryimage","url":"https:\/\/www.franckdespagne.com\/wp-content\/uploads\/bkg_vins.jpg","contentUrl":"https:\/\/www.franckdespagne.com\/wp-content\/uploads\/bkg_vins.jpg","width":1000,"height":500},{"@type":"BreadcrumbList","@id":"https:\/\/www.franckdespagne.com\/en\/our-wines-montagne-saint-emilion\/#breadcrumb","itemListElement":[{"@type":"ListItem","position":1,"name":"Accueil","item":"https:\/\/www.franckdespagne.com\/fr\/"},{"@type":"ListItem","position":2,"name":"Our wines"}]},{"@type":"WebSite","@id":"https:\/\/www.franckdespagne.com\/fr\/#website","url":"https:\/\/www.franckdespagne.com\/fr\/","name":"Franck Despagne - Montagne Saint-Emilion","description":"","potentialAction":[{"@type":"SearchAction","target":{"@type":"EntryPoint","urlTemplate":"https:\/\/www.franckdespagne.com\/fr\/?s={search_term_string}"},"query-input":{"@type":"PropertyValueSpecification","valueRequired":true,"valueName":"search_term_string"}}],"inLanguage":"en-US"}]}},"_links":{"self":[{"href":"https:\/\/www.franckdespagne.com\/en\/wp-json\/wp\/v2\/pages\/144"}],"collection":[{"href":"https:\/\/www.franckdespagne.com\/en\/wp-json\/wp\/v2\/pages"}],"about":[{"href":"https:\/\/www.franckdespagne.com\/en\/wp-json\/wp\/v2\/types\/page"}],"author":[{"embeddable":true,"href":"https:\/\/www.franckdespagne.com\/en\/wp-json\/wp\/v2\/users\/1"}],"replies":[{"embeddable":true,"href":"https:\/\/www.franckdespagne.com\/en\/wp-json\/wp\/v2\/comments?post=144"}],"version-history":[{"count":8,"href":"https:\/\/www.franckdespagne.com\/en\/wp-json\/wp\/v2\/pages\/144\/revisions"}],"predecessor-version":[{"id":1009,"href":"https:\/\/www.franckdespagne.com\/en\/wp-json\/wp\/v2\/pages\/144\/revisions\/1009"}],"wp:featuredmedia":[{"embeddable":true,"href":"https:\/\/www.franckdespagne.com\/en\/wp-json\/wp\/v2\/media\/472"}],"wp:attachment":[{"href":"https:\/\/www.franckdespagne.com\/en\/wp-json\/wp\/v2\/media?parent=144"}],"curies":[{"name":"wp","href":"https:\/\/api.w.org\/{rel}","templated":true}]}}